{"id":9468,"date":"2025-08-15T16:27:38","date_gmt":"2025-08-15T19:27:38","guid":{"rendered":"https:\/\/www.parquedasaves.com.br\/sobre-el-parque-das-aves\/"},"modified":"2026-03-04T03:04:18","modified_gmt":"2026-03-04T06:04:18","slug":"sobre-el-parque-das-aves","status":"publish","type":"page","link":"https:\/\/www.parquedasaves.com.br\/es\/sobre-el-parque-das-aves\/","title":{"rendered":"Sobre el Parque das Aves"},"content":{"rendered":"\t\t<div data-elementor-type=\"wp-page\" data-elementor-id=\"9468\" class=\"elementor elementor-9468 elementor-903\" data-elementor-post-type=\"page\">\n\t\t\t\t<div class=\"premium-parallax-section-hide elementor-element elementor-element-80bd40d e-con-full premium-parallax-yes imagenstopom e-flex e-con e-parent\" data-pa-parallax=\"{&quot;type&quot;:&quot;scroll&quot;,&quot;speed&quot;:&quot;&quot;,&quot;android&quot;:0,&quot;ios&quot;:0,&quot;size&quot;:&quot;cover&quot;,&quot;repeat&quot;:&quot;no-repeat&quot;}\" data-id=\"80bd40d\" data-element_type=\"container\" data-e-type=\"container\" data-settings=\"{&quot;background_background&quot;:&quot;classic&quot;}\">\n\t\t\t\t<\/div>\n\t\t<div class=\"elementor-element elementor-element-f79608d e-con-full e-flex e-con e-parent\" data-id=\"f79608d\" data-element_type=\"container\" data-e-type=\"container\">\n\t\t\t\t<div class=\"elementor-element elementor-element-2bb586f elementor-widget elementor-widget-shortcode\" data-id=\"2bb586f\" data-element_type=\"widget\" data-e-type=\"widget\" data-widget_type=\"shortcode.default\">\n\t\t\t\t\t\t\t<div class=\"elementor-shortcode\">\t\t<div data-elementor-type=\"section\" data-elementor-id=\"9622\" class=\"elementor elementor-9622 elementor-8238 elementor-8238\" data-elementor-post-type=\"elementor_library\">\n\t\t\t<div class=\"elementor-element elementor-element-ceabd4f e-flex e-con-boxed e-con e-parent\" data-id=\"ceabd4f\" data-element_type=\"container\" data-e-type=\"container\">\n\t\t\t\t\t<div class=\"e-con-inner\">\n\t\t\t\t<div class=\"elementor-element elementor-element-32a9521 elementor-widget elementor-widget-shortcode\" data-id=\"32a9521\" data-element_type=\"widget\" data-e-type=\"widget\" data-widget_type=\"shortcode.default\">\n\t\t\t\t\t\t\t<div class=\"elementor-shortcode\"><nav aria-label=\"breadcrumbs\" class=\"rank-math-breadcrumb\"><p><span class=\"last\">Home<\/span><\/p><\/nav><\/div>\n\t\t\t\t\t\t<\/div>\n\t\t\t\t\t<\/div>\n\t\t\t\t<\/div>\n\t\t\t\t<\/div>\n\t\t<\/div>\n\t\t\t\t\t\t<\/div>\n\t\t\t\t<\/div>\n\t\t<div class=\"elementor-element elementor-element-c54a8c2 e-flex e-con-boxed e-con e-parent\" data-id=\"c54a8c2\" data-element_type=\"container\" data-e-type=\"container\">\n\t\t\t\t\t<div class=\"e-con-inner\">\n\t\t<div class=\"elementor-element elementor-element-f7f9273 e-con-full e-flex e-con e-child\" data-id=\"f7f9273\" data-element_type=\"container\" data-e-type=\"container\">\n\t\t\t\t<div class=\"elementor-element elementor-element-0251f05 elementor-widget elementor-widget-heading\" data-id=\"0251f05\" data-element_type=\"widget\" data-e-type=\"widget\" data-widget_type=\"heading.default\">\n\t\t\t\t\t<h3 class=\"elementor-heading-title elementor-size-default\">Conexi\u00f3n profunda con la Mata Atl\u00e1ntica y sus especies <\/h3>\t\t\t\t<\/div>\n\t\t\t\t<div class=\"elementor-element elementor-element-4afe9b8 elementor-widget-divider--view-line elementor-widget elementor-widget-divider\" data-id=\"4afe9b8\" data-element_type=\"widget\" data-e-type=\"widget\" data-widget_type=\"divider.default\">\n\t\t\t\t\t\t\t<div class=\"elementor-divider\">\n\t\t\t<span class=\"elementor-divider-separator\">\n\t\t\t\t\t\t<\/span>\n\t\t<\/div>\n\t\t\t\t\t\t<\/div>\n\t\t\t\t<\/div>\n\t\t<div class=\"elementor-element elementor-element-a375ce3 e-con-full e-flex e-con e-child\" data-id=\"a375ce3\" data-element_type=\"container\" data-e-type=\"container\">\n\t\t\t\t<div class=\"elementor-element elementor-element-a642aae elementor-widget elementor-widget-text-editor\" data-id=\"a642aae\" data-element_type=\"widget\" data-e-type=\"widget\" data-widget_type=\"text-editor.default\">\n\t\t\t\t\t\t\t\t\t<p><span style=\"font-weight: 400;\">El Parque das Aves, en Foz do Igua\u00e7u, es una de las pocas instituciones del mundo dedicadas a la conservaci\u00f3n de especies de la Mata Atl\u00e1ntica, uno de los biomas m\u00e1s amenazados del planeta.<\/span><\/p><p><span style=\"font-weight: 400;\">Aqu\u00ed, la visita se transforma en una experiencia de cercan\u00eda con el bosque y sus habitantes, revelando historias reales de cuidado, rescate y protecci\u00f3n de la vida silvestre. Esta uni\u00f3n entre naturaleza, conocimiento y vivencia convierte al Parque das Aves en el atractivo m\u00e1s visitado de Paran\u00e1 despu\u00e9s de las Cataratas del Iguaz\u00fa. <\/span><\/p>\t\t\t\t\t\t\t\t<\/div>\n\t\t\t\t<\/div>\n\t\t\t\t\t<\/div>\n\t\t\t\t<\/div>\n\t\t<div class=\"elementor-element elementor-element-d6987d9 e-flex e-con-boxed e-con e-parent\" data-id=\"d6987d9\" data-element_type=\"container\" data-e-type=\"container\">\n\t\t\t\t\t<div class=\"e-con-inner\">\n\t\t\t\t<div class=\"elementor-element elementor-element-6175919 elementor-widget elementor-widget-video\" data-id=\"6175919\" data-element_type=\"widget\" data-e-type=\"widget\" data-settings=\"{&quot;youtube_url&quot;:&quot;https:\\\/\\\/www.youtube.com\\\/watch?v=8quciOYNBYc&quot;,&quot;video_type&quot;:&quot;youtube&quot;,&quot;controls&quot;:&quot;yes&quot;}\" data-widget_type=\"video.default\">\n\t\t\t\t\t\t\t<div class=\"elementor-wrapper elementor-open-inline\">\n\t\t\t<div class=\"elementor-video\"><\/div>\t\t<\/div>\n\t\t\t\t\t\t<\/div>\n\t\t\t\t\t<\/div>\n\t\t\t\t<\/div>\n\t\t<div class=\"elementor-element elementor-element-e203917 e-flex e-con-boxed e-con e-parent\" data-id=\"e203917\" data-element_type=\"container\" data-e-type=\"container\">\n\t\t\t\t\t<div class=\"e-con-inner\">\n\t\t\t\t<div class=\"elementor-element elementor-element-9e800da elementor-widget elementor-widget-heading\" data-id=\"9e800da\" data-element_type=\"widget\" data-e-type=\"widget\" data-widget_type=\"heading.default\">\n\t\t\t\t\t<h3 class=\"elementor-heading-title elementor-size-default\">\u00bfQu\u00e9 es el Parque das Aves?<\/h3>\t\t\t\t<\/div>\n\t\t\t\t<div class=\"elementor-element elementor-element-b39d06f elementor-widget-divider--view-line elementor-widget elementor-widget-divider\" data-id=\"b39d06f\" data-element_type=\"widget\" data-e-type=\"widget\" data-widget_type=\"divider.default\">\n\t\t\t\t\t\t\t<div class=\"elementor-divider\">\n\t\t\t<span class=\"elementor-divider-separator\">\n\t\t\t\t\t\t<\/span>\n\t\t<\/div>\n\t\t\t\t\t\t<\/div>\n\t\t\t\t<div class=\"elementor-element elementor-element-d8cb3d7 elementor-widget elementor-widget-text-editor\" data-id=\"d8cb3d7\" data-element_type=\"widget\" data-e-type=\"widget\" data-widget_type=\"text-editor.default\">\n\t\t\t\t\t\t\t\t\t<p>El Parque das Aves es una instituci\u00f3n privada que mantiene un centro de conservaci\u00f3n centrado en especies de la Mata Atl\u00e1ntica y trabaja en la acogida de animales rescatados. Es el atractivo m\u00e1s visitado de Paran\u00e1 despu\u00e9s de las Cataratas y cumpli\u00f3 30 a\u00f1os de actividad en 2024. <\/p><p>La instituci\u00f3n desarrolla acciones de conservaci\u00f3n mediante investigaci\u00f3n cient\u00edfica, educaci\u00f3n para la conservaci\u00f3n y cuidado directo de los animales, siempre con foco en el bienestar. Como organizaci\u00f3n autosostenible, la continuidad de este trabajo es posible gracias a los visitantes, que contribuyen al realizar la visita, consumir en los restaurantes del Complejo Gastron\u00f3mico y adquirir productos en la tienda de souvenirs. <\/p>\t\t\t\t\t\t\t\t<\/div>\n\t\t\t\t\t<\/div>\n\t\t\t\t<\/div>\n\t\t<div class=\"elementor-element elementor-element-6572742 e-flex e-con-boxed e-con e-parent\" data-id=\"6572742\" data-element_type=\"container\" data-e-type=\"container\">\n\t\t\t\t\t<div class=\"e-con-inner\">\n\t\t\t\t<div class=\"elementor-element elementor-element-40cfc18 elementor-widget elementor-widget-heading\" data-id=\"40cfc18\" data-element_type=\"widget\" data-e-type=\"widget\" data-widget_type=\"heading.default\">\n\t\t\t\t\t<h3 class=\"elementor-heading-title elementor-size-default\">\u00bfD\u00f3nde est\u00e1 el Parque das Aves y cu\u00e1l es su relaci\u00f3n con la Mata Atl\u00e1ntica?<\/h3>\t\t\t\t<\/div>\n\t\t\t\t<div class=\"elementor-element elementor-element-5a2388f elementor-widget-divider--view-line elementor-widget elementor-widget-divider\" data-id=\"5a2388f\" data-element_type=\"widget\" data-e-type=\"widget\" data-widget_type=\"divider.default\">\n\t\t\t\t\t\t\t<div class=\"elementor-divider\">\n\t\t\t<span class=\"elementor-divider-separator\">\n\t\t\t\t\t\t<\/span>\n\t\t<\/div>\n\t\t\t\t\t\t<\/div>\n\t\t\t\t<div class=\"elementor-element elementor-element-d1700c9 elementor-widget elementor-widget-text-editor\" data-id=\"d1700c9\" data-element_type=\"widget\" data-e-type=\"widget\" data-widget_type=\"text-editor.default\">\n\t\t\t\t\t\t\t\t\t<p><span style=\"font-weight: 400;\">Ubicado en Foz do Igua\u00e7u, junto al Parque Nacional do Igua\u00e7u, el mayor remanente de Mata Atl\u00e1ntica del interior de Brasil, el Parque das Aves recibe visitantes en un \u00e1rea de bosque restaurado y protegido por el propio atractivo.<\/span><\/p><p><span style=\"font-weight: 400;\">Durante el recorrido, es posible observar especies de este bioma, comprender las amenazas que ponen el bosque en riesgo y conocer las acciones que buscan revertir esta crisis. Cada visita refuerza directamente la protecci\u00f3n de la Mata Atl\u00e1ntica. <\/span><\/p>\t\t\t\t\t\t\t\t<\/div>\n\t\t\t\t\t<\/div>\n\t\t\t\t<\/div>\n\t\t<div class=\"elementor-element elementor-element-d9b4846 e-flex e-con-boxed e-con e-parent\" data-id=\"d9b4846\" data-element_type=\"container\" data-e-type=\"container\">\n\t\t\t\t\t<div class=\"e-con-inner\">\n\t\t\t\t<div class=\"elementor-element elementor-element-e53a265 elementor-widget elementor-widget-heading\" data-id=\"e53a265\" data-element_type=\"widget\" data-e-type=\"widget\" data-widget_type=\"heading.default\">\n\t\t\t\t\t<h3 class=\"elementor-heading-title elementor-size-default\">\u00bfPor qu\u00e9 el Parque das Aves es \u00fanico?<\/h3>\t\t\t\t<\/div>\n\t\t\t\t<div class=\"elementor-element elementor-element-9fc1424 elementor-widget-divider--view-line elementor-widget elementor-widget-divider\" data-id=\"9fc1424\" data-element_type=\"widget\" data-e-type=\"widget\" data-widget_type=\"divider.default\">\n\t\t\t\t\t\t\t<div class=\"elementor-divider\">\n\t\t\t<span class=\"elementor-divider-separator\">\n\t\t\t\t\t\t<\/span>\n\t\t<\/div>\n\t\t\t\t\t\t<\/div>\n\t\t\t\t<div class=\"elementor-element elementor-element-7bd84f7 elementor-widget elementor-widget-text-editor\" data-id=\"7bd84f7\" data-element_type=\"widget\" data-e-type=\"widget\" data-widget_type=\"text-editor.default\">\n\t\t\t\t\t\t\t\t\t<p><span style=\"font-weight: 400;\">Pocos lugares en el mundo re\u00fanen, en un mismo espacio, una experiencia de visita inmersiva, investigaci\u00f3n cient\u00edfica y acciones concretas de conservaci\u00f3n dirigidas exclusivamente a la Mata Atl\u00e1ntica.<\/span><\/p><p><span style=\"font-weight: 400;\">Senderos en medio del bosque, aviarios de inmersi\u00f3n y proyectos dentro y fuera del Parque crean una vivencia que acerca a las personas a la naturaleza e inspira el cuidado del bioma. Por eso, el Parque das Aves se ha convertido en un referente en conservaci\u00f3n y en una visita imprescindible en Foz do Igua\u00e7u. <\/span><\/p>\t\t\t\t\t\t\t\t<\/div>\n\t\t\t\t\t<\/div>\n\t\t\t\t<\/div>\n\t\t<div class=\"elementor-element elementor-element-085f685 e-flex e-con-boxed e-con e-parent\" data-id=\"085f685\" data-element_type=\"container\" data-e-type=\"container\">\n\t\t\t\t\t<div class=\"e-con-inner\">\n\t\t\t\t<div class=\"elementor-element elementor-element-62f5124 elementor-widget elementor-widget-heading\" data-id=\"62f5124\" data-element_type=\"widget\" data-e-type=\"widget\" data-widget_type=\"heading.default\">\n\t\t\t\t\t<h3 class=\"elementor-heading-title elementor-size-default\">\u00bfC\u00f3mo ayuda tu visita a la Mata Atl\u00e1ntica?<\/h3>\t\t\t\t<\/div>\n\t\t\t\t<div class=\"elementor-element elementor-element-2124bd6 elementor-widget-divider--view-line elementor-widget elementor-widget-divider\" data-id=\"2124bd6\" data-element_type=\"widget\" data-e-type=\"widget\" data-widget_type=\"divider.default\">\n\t\t\t\t\t\t\t<div class=\"elementor-divider\">\n\t\t\t<span class=\"elementor-divider-separator\">\n\t\t\t\t\t\t<\/span>\n\t\t<\/div>\n\t\t\t\t\t\t<\/div>\n\t\t\t\t<div class=\"elementor-element elementor-element-c7d06be elementor-widget elementor-widget-text-editor\" data-id=\"c7d06be\" data-element_type=\"widget\" data-e-type=\"widget\" data-widget_type=\"text-editor.default\">\n\t\t\t\t\t\t\t\t\t<p><span style=\"font-weight: 400;\">Al visitar el Parque das Aves, apoyas directamente el rescate, la rehabilitaci\u00f3n, la investigaci\u00f3n cient\u00edfica, la educaci\u00f3n para la conservaci\u00f3n y la restauraci\u00f3n forestal.<\/span><\/p><p><span style=\"font-weight: 400;\">M\u00e1s que un paseo, tu presencia contribuye de forma concreta a proteger especies y mantener viva la Mata Atl\u00e1ntica.<\/span><\/p>\t\t\t\t\t\t\t\t<\/div>\n\t\t\t\t\t<\/div>\n\t\t\t\t<\/div>\n\t\t<div class=\"elementor-element elementor-element-6caaa79 e-flex e-con-boxed e-con e-parent\" data-id=\"6caaa79\" data-element_type=\"container\" data-e-type=\"container\">\n\t\t\t\t\t<div class=\"e-con-inner\">\n\t\t\t\t<div class=\"elementor-element elementor-element-9dc4dd0 elementor-widget elementor-widget-heading\" data-id=\"9dc4dd0\" data-element_type=\"widget\" data-e-type=\"widget\" data-widget_type=\"heading.default\">\n\t\t\t\t\t<h3 class=\"elementor-heading-title elementor-size-default\">Planifica tu visita al Parque das Aves<\/h3>\t\t\t\t<\/div>\n\t\t\t\t<div class=\"elementor-element elementor-element-859b0ec elementor-widget-divider--view-line elementor-widget elementor-widget-divider\" data-id=\"859b0ec\" data-element_type=\"widget\" data-e-type=\"widget\" data-widget_type=\"divider.default\">\n\t\t\t\t\t\t\t<div class=\"elementor-divider\">\n\t\t\t<span class=\"elementor-divider-separator\">\n\t\t\t\t\t\t<\/span>\n\t\t<\/div>\n\t\t\t\t\t\t<\/div>\n\t\t\t\t<div class=\"elementor-element elementor-element-9467d09 elementor-widget elementor-widget-text-editor\" data-id=\"9467d09\" data-element_type=\"widget\" data-e-type=\"widget\" data-widget_type=\"text-editor.default\">\n\t\t\t\t\t\t\t\t\t<p><span style=\"font-weight: 400;\">Vive la experiencia de caminar por la Mata Atl\u00e1ntica, observar especies de cerca y participar activamente en la conservaci\u00f3n de uno de los biomas m\u00e1s amenazados del mundo.<\/span><\/p><p><span style=\"font-weight: 400;\">Asegura tu entrada y ven a conocer el Parque das Aves, en Foz do Igua\u00e7u.<\/span><\/p>\t\t\t\t\t\t\t\t<\/div>\n\t\t\t\t\t<\/div>\n\t\t\t\t<\/div>\n\t\t<div class=\"elementor-element elementor-element-1c639e1 e-flex e-con-boxed e-con e-parent\" data-id=\"1c639e1\" data-element_type=\"container\" data-e-type=\"container\">\n\t\t\t\t\t<div class=\"e-con-inner\">\n\t\t\t\t<div class=\"elementor-element elementor-element-a427a16 elementor-align-center elementor-widget elementor-widget-button\" data-id=\"a427a16\" data-element_type=\"widget\" data-e-type=\"widget\" data-widget_type=\"button.default\">\n\t\t\t\t\t\t\t\t\t\t<a class=\"elementor-button elementor-button-link elementor-size-sm elementor-animation-bob\" href=\"https:\/\/ingressos.parquedasaves.com.br\/\" target=\"_blank\">\n\t\t\t\t\t\t<span class=\"elementor-button-content-wrapper\">\n\t\t\t\t\t\t\t\t\t<span class=\"elementor-button-text\">Compra tu entrada<\/span>\n\t\t\t\t\t<\/span>\n\t\t\t\t\t<\/a>\n\t\t\t\t\t\t\t\t<\/div>\n\t\t\t\t\t<\/div>\n\t\t\t\t<\/div>\n\t\t<div class=\"elementor-element elementor-element-94502d1 e-flex e-con-boxed e-con e-parent\" data-id=\"94502d1\" data-element_type=\"container\" data-e-type=\"container\" data-settings=\"{&quot;background_background&quot;:&quot;classic&quot;}\">\n\t\t\t\t\t<div class=\"e-con-inner\">\n\t\t\t\t\t<\/div>\n\t\t\t\t<\/div>\n\t\t<div class=\"elementor-element elementor-element-26c7dac e-flex e-con-boxed e-con e-parent\" data-id=\"26c7dac\" data-element_type=\"container\" data-e-type=\"container\">\n\t\t\t\t\t<div class=\"e-con-inner\">\n\t\t\t\t<div class=\"elementor-element elementor-element-5467280 elementor-widget elementor-widget-text-editor\" data-id=\"5467280\" data-element_type=\"widget\" data-e-type=\"widget\" data-widget_type=\"text-editor.default\">\n\t\t\t\t\t\t\t\t\t<p>M\u00e1s informaci\u00f3n:<\/p>\t\t\t\t\t\t\t\t<\/div>\n\t\t\t\t<div class=\"elementor-element elementor-element-4038002 elementor-nav-menu__align-start elementor-nav-menu--dropdown-none menuspaginasinternas elementor-widget elementor-widget-nav-menu\" data-id=\"4038002\" data-element_type=\"widget\" data-e-type=\"widget\" data-settings=\"{&quot;layout&quot;:&quot;horizontal&quot;,&quot;submenu_icon&quot;:{&quot;value&quot;:&quot;&lt;svg aria-hidden=\\&quot;true\\&quot; class=\\&quot;e-font-icon-svg e-fas-caret-down\\&quot; viewBox=\\&quot;0 0 320 512\\&quot; xmlns=\\&quot;http:\\\/\\\/www.w3.org\\\/2000\\\/svg\\&quot;&gt;&lt;path d=\\&quot;M31.3 192h257.3c17.8 0 26.7 21.5 14.1 34.1L174.1 354.8c-7.8 7.8-20.5 7.8-28.3 0L17.2 226.1C4.6 213.5 13.5 192 31.3 192z\\&quot;&gt;&lt;\\\/path&gt;&lt;\\\/svg&gt;&quot;,&quot;library&quot;:&quot;fa-solid&quot;}}\" data-widget_type=\"nav-menu.default\">\n\t\t\t\t\t\t\t\t<nav aria-label=\"Menu\" class=\"elementor-nav-menu--main elementor-nav-menu__container elementor-nav-menu--layout-horizontal e--pointer-underline e--animation-fade\">\n\t\t\t\t<ul id=\"menu-1-4038002\" class=\"elementor-nav-menu\"><li class=\"menu-item menu-item-type-post_type menu-item-object-page menu-item-9731\"><a href=\"https:\/\/www.parquedasaves.com.br\/es\/sobre-el-parque-das-aves\/\" class=\"elementor-item\">Sobre el Parque das Aves<\/a><\/li>\n<li class=\"menu-item menu-item-type-post_type menu-item-object-page menu-item-9732\"><a href=\"https:\/\/www.parquedasaves.com.br\/es\/sobre-el-parque-das-aves\/historia\/\" class=\"elementor-item\">Historia<\/a><\/li>\n<li class=\"menu-item menu-item-type-post_type menu-item-object-page menu-item-9733\"><a href=\"https:\/\/www.parquedasaves.com.br\/es\/sobre-el-parque-das-aves\/nuestro-trabajo\/\" class=\"elementor-item\">Nuestro trabajo<\/a><\/li>\n<li class=\"menu-item menu-item-type-post_type menu-item-object-page menu-item-9734\"><a href=\"https:\/\/www.parquedasaves.com.br\/es\/sobre-el-parque-das-aves\/gobernanza-y-transparencia\/\" class=\"elementor-item\">Gobernanza y transparencia<\/a><\/li>\n<li class=\"menu-item menu-item-type-post_type menu-item-object-page menu-item-9735\"><a href=\"https:\/\/www.parquedasaves.com.br\/es\/sobre-el-parque-das-aves\/carreras\/\" class=\"elementor-item\">Carreras<\/a><\/li>\n<\/ul>\t\t\t<\/nav>\n\t\t\t\t\t\t<nav class=\"elementor-nav-menu--dropdown elementor-nav-menu__container\" aria-hidden=\"true\">\n\t\t\t\t<ul id=\"menu-2-4038002\" class=\"elementor-nav-menu\"><li class=\"menu-item menu-item-type-post_type menu-item-object-page menu-item-9731\"><a href=\"https:\/\/www.parquedasaves.com.br\/es\/sobre-el-parque-das-aves\/\" class=\"elementor-item\" tabindex=\"-1\">Sobre el Parque das Aves<\/a><\/li>\n<li class=\"menu-item menu-item-type-post_type menu-item-object-page menu-item-9732\"><a href=\"https:\/\/www.parquedasaves.com.br\/es\/sobre-el-parque-das-aves\/historia\/\" class=\"elementor-item\" tabindex=\"-1\">Historia<\/a><\/li>\n<li class=\"menu-item menu-item-type-post_type menu-item-object-page menu-item-9733\"><a href=\"https:\/\/www.parquedasaves.com.br\/es\/sobre-el-parque-das-aves\/nuestro-trabajo\/\" class=\"elementor-item\" tabindex=\"-1\">Nuestro trabajo<\/a><\/li>\n<li class=\"menu-item menu-item-type-post_type menu-item-object-page menu-item-9734\"><a href=\"https:\/\/www.parquedasaves.com.br\/es\/sobre-el-parque-das-aves\/gobernanza-y-transparencia\/\" class=\"elementor-item\" tabindex=\"-1\">Gobernanza y transparencia<\/a><\/li>\n<li class=\"menu-item menu-item-type-post_type menu-item-object-page menu-item-9735\"><a href=\"https:\/\/www.parquedasaves.com.br\/es\/sobre-el-parque-das-aves\/carreras\/\" class=\"elementor-item\" tabindex=\"-1\">Carreras<\/a><\/li>\n<\/ul>\t\t\t<\/nav>\n\t\t\t\t\t\t<\/div>\n\t\t\t\t\t<\/div>\n\t\t\t\t<\/div>\n\t\t\t\t<\/div>\n\t\t","protected":false},"excerpt":{"rendered":"<p>Conexi\u00f3n profunda con la Mata Atl\u00e1ntica y sus especies El Parque das Aves, en Foz do Igua\u00e7u, es una de las pocas instituciones del mundo dedicadas a la conservaci\u00f3n de especies de la Mata Atl\u00e1ntica, uno de los biomas m\u00e1s amenazados del planeta. Aqu\u00ed, la visita se transforma en una experiencia de cercan\u00eda con el [&hellip;]<\/p>\n","protected":false},"author":1,"featured_media":8985,"parent":0,"menu_order":0,"comment_status":"closed","ping_status":"closed","template":"","meta":{"footnotes":""},"class_list":["post-9468","page","type-page","status-publish","has-post-thumbnail","hentry"],"_links":{"self":[{"href":"https:\/\/www.parquedasaves.com.br\/es\/wp-json\/wp\/v2\/pages\/9468","targetHints":{"allow":["GET"]}}],"collection":[{"href":"https:\/\/www.parquedasaves.com.br\/es\/wp-json\/wp\/v2\/pages"}],"about":[{"href":"https:\/\/www.parquedasaves.com.br\/es\/wp-json\/wp\/v2\/types\/page"}],"author":[{"embeddable":true,"href":"https:\/\/www.parquedasaves.com.br\/es\/wp-json\/wp\/v2\/users\/1"}],"replies":[{"embeddable":true,"href":"https:\/\/www.parquedasaves.com.br\/es\/wp-json\/wp\/v2\/comments?post=9468"}],"version-history":[{"count":1,"href":"https:\/\/www.parquedasaves.com.br\/es\/wp-json\/wp\/v2\/pages\/9468\/revisions"}],"predecessor-version":[{"id":9481,"href":"https:\/\/www.parquedasaves.com.br\/es\/wp-json\/wp\/v2\/pages\/9468\/revisions\/9481"}],"wp:featuredmedia":[{"embeddable":true,"href":"https:\/\/www.parquedasaves.com.br\/es\/wp-json\/wp\/v2\/media\/8985"}],"wp:attachment":[{"href":"https:\/\/www.parquedasaves.com.br\/es\/wp-json\/wp\/v2\/media?parent=9468"}],"curies":[{"name":"wp","href":"https:\/\/api.w.org\/{rel}","templated":true}]}}