{"id":9431,"date":"2026-02-02T10:08:02","date_gmt":"2026-02-02T13:08:02","guid":{"rendered":"https:\/\/www.parquedasaves.com.br\/planifica-tu-visita\/atracciones-y-mapa\/"},"modified":"2026-03-11T02:39:01","modified_gmt":"2026-03-11T05:39:01","slug":"atracciones-y-mapa","status":"publish","type":"page","link":"https:\/\/www.parquedasaves.com.br\/es\/planifica-tu-visita\/atracciones-y-mapa\/","title":{"rendered":"Atracciones y Mapa"},"content":{"rendered":"\t\t<div data-elementor-type=\"wp-page\" data-elementor-id=\"9431\" class=\"elementor elementor-9431 elementor-6263\" data-elementor-post-type=\"page\">\n\t\t\t\t<div class=\"premium-parallax-section-hide elementor-element elementor-element-80bd40d e-con-full premium-parallax-yes imagenstopom e-flex e-con e-parent\" data-pa-parallax=\"{&quot;type&quot;:&quot;scroll&quot;,&quot;speed&quot;:&quot;&quot;,&quot;android&quot;:0,&quot;ios&quot;:0,&quot;size&quot;:&quot;cover&quot;,&quot;repeat&quot;:&quot;no-repeat&quot;}\" data-id=\"80bd40d\" data-element_type=\"container\" data-e-type=\"container\" data-settings=\"{&quot;background_background&quot;:&quot;classic&quot;}\">\n\t\t\t\t<\/div>\n\t\t<div class=\"elementor-element elementor-element-cb9e4c5 e-con-full e-flex e-con e-parent\" data-id=\"cb9e4c5\" data-element_type=\"container\" data-e-type=\"container\">\n\t\t\t\t<div class=\"elementor-element elementor-element-37873e5 elementor-widget elementor-widget-shortcode\" data-id=\"37873e5\" data-element_type=\"widget\" data-e-type=\"widget\" data-widget_type=\"shortcode.default\">\n\t\t\t\t\t\t\t<div class=\"elementor-shortcode\">\t\t<div data-elementor-type=\"section\" data-elementor-id=\"9622\" class=\"elementor elementor-9622 elementor-8238 elementor-8238\" data-elementor-post-type=\"elementor_library\">\n\t\t\t<div class=\"elementor-element elementor-element-ceabd4f e-flex e-con-boxed e-con e-parent\" data-id=\"ceabd4f\" data-element_type=\"container\" data-e-type=\"container\">\n\t\t\t\t\t<div class=\"e-con-inner\">\n\t\t\t\t<div class=\"elementor-element elementor-element-32a9521 elementor-widget elementor-widget-shortcode\" data-id=\"32a9521\" data-element_type=\"widget\" data-e-type=\"widget\" data-widget_type=\"shortcode.default\">\n\t\t\t\t\t\t\t<div class=\"elementor-shortcode\"><nav aria-label=\"breadcrumbs\" class=\"rank-math-breadcrumb\"><p><span class=\"last\">Home<\/span><\/p><\/nav><\/div>\n\t\t\t\t\t\t<\/div>\n\t\t\t\t\t<\/div>\n\t\t\t\t<\/div>\n\t\t\t\t<\/div>\n\t\t<\/div>\n\t\t\t\t\t\t<\/div>\n\t\t\t\t<\/div>\n\t\t<div class=\"elementor-element elementor-element-693bf43 e-flex e-con-boxed e-con e-parent\" data-id=\"693bf43\" data-element_type=\"container\" data-e-type=\"container\">\n\t\t\t\t\t<div class=\"e-con-inner\">\n\t\t<div class=\"elementor-element elementor-element-389de06 e-con-full e-flex e-con e-child\" data-id=\"389de06\" data-element_type=\"container\" data-e-type=\"container\">\n\t\t\t\t<div class=\"elementor-element elementor-element-ba8c103 elementor-widget elementor-widget-heading\" data-id=\"ba8c103\" data-element_type=\"widget\" data-e-type=\"widget\" data-widget_type=\"heading.default\">\n\t\t\t\t\t<h1 class=\"elementor-heading-title elementor-size-default\">Con\u00e9ctate<br>con la<br>Mata Atl\u00e1ntica<br>y sus especies<\/h1>\t\t\t\t<\/div>\n\t\t\t\t<\/div>\n\t\t<div class=\"elementor-element elementor-element-275043a e-con-full e-flex e-con e-child\" data-id=\"275043a\" data-element_type=\"container\" data-e-type=\"container\">\n\t\t\t\t<div class=\"elementor-element elementor-element-d8cb3d7 elementor-widget elementor-widget-text-editor\" data-id=\"d8cb3d7\" data-element_type=\"widget\" data-e-type=\"widget\" data-widget_type=\"text-editor.default\">\n\t\t\t\t\t\t\t\t\t<p><b>El Parque das Aves es una de las \u00fanicas instituciones del mundo enfocadas en la conservaci\u00f3n de especies de la Mata Atl\u00e1ntica.<\/b><\/p><p><span style=\"font-weight: 400;\">Aqu\u00ed, especies \u00fanicas de este bosque encuentran cuidado, y los visitantes viven una experiencia inmersiva de conexi\u00f3n con la naturaleza. Por eso, el Parque se ha convertido en el atractivo m\u00e1s visitado de Foz do Igua\u00e7u despu\u00e9s de las Cataratas.<\/span><\/p><p><span style=\"font-weight: 400;\">Explora los espacios, conoce las experiencias y planifica tu visita con el mapa del Parque. Un recorrido pensado para acercarte a los animales y a la Mata Atl\u00e1ntica.<\/span><\/p>\t\t\t\t\t\t\t\t<\/div>\n\t\t\t\t<div class=\"elementor-element elementor-element-f435ccc elementor-align-left elementor-widget elementor-widget-button\" data-id=\"f435ccc\" data-element_type=\"widget\" data-e-type=\"widget\" data-widget_type=\"button.default\">\n\t\t\t\t\t\t\t\t\t\t<a class=\"elementor-button elementor-button-link elementor-size-sm elementor-animation-bob\" href=\"https:\/\/ingressos.parquedasaves.com.br\/\" target=\"_blank\">\n\t\t\t\t\t\t<span class=\"elementor-button-content-wrapper\">\n\t\t\t\t\t\t\t\t\t<span class=\"elementor-button-text\">Compra tu entrada<\/span>\n\t\t\t\t\t<\/span>\n\t\t\t\t\t<\/a>\n\t\t\t\t\t\t\t\t<\/div>\n\t\t\t\t<\/div>\n\t\t\t\t\t<\/div>\n\t\t\t\t<\/div>\n\t\t<div class=\"elementor-element elementor-element-2218db3 e-flex e-con-boxed e-con e-parent\" data-id=\"2218db3\" data-element_type=\"container\" data-e-type=\"container\" data-settings=\"{&quot;background_background&quot;:&quot;classic&quot;}\">\n\t\t\t\t\t<div class=\"e-con-inner\">\n\t\t\t\t<div class=\"elementor-element elementor-element-a9a6451 elementor-widget elementor-widget-image\" data-id=\"a9a6451\" data-element_type=\"widget\" data-e-type=\"widget\" data-widget_type=\"image.default\">\n\t\t\t\t\t\t\t\t\t\t\t\t\t\t\t\t<a href=\"https:\/\/www.parquedasaves.com.br\/wp-content\/uploads\/2025\/08\/mapa.webp\" data-elementor-open-lightbox=\"yes\" data-elementor-lightbox-title=\"mapa\" data-e-action-hash=\"#elementor-action%3Aaction%3Dlightbox%26settings%3DeyJpZCI6OTQzMywidXJsIjoiaHR0cHM6XC9cL3d3dy5wYXJxdWVkYXNhdmVzLmNvbS5iclwvd3AtY29udGVudFwvdXBsb2Fkc1wvMjAyNVwvMDhcL21hcGEud2VicCJ9\">\n\t\t\t\t\t\t\t<img fetchpriority=\"high\" decoding=\"async\" width=\"2500\" height=\"1694\" src=\"https:\/\/www.parquedasaves.com.br\/wp-content\/uploads\/2025\/08\/mapa.webp\" class=\"attachment-full size-full wp-image-9433\" alt=\"\" srcset=\"https:\/\/www.parquedasaves.com.br\/wp-content\/uploads\/2025\/08\/mapa.webp 2500w, https:\/\/www.parquedasaves.com.br\/wp-content\/uploads\/2025\/08\/mapa-300x203.webp 300w, https:\/\/www.parquedasaves.com.br\/wp-content\/uploads\/2025\/08\/mapa-1024x694.webp 1024w, https:\/\/www.parquedasaves.com.br\/wp-content\/uploads\/2025\/08\/mapa-768x520.webp 768w, https:\/\/www.parquedasaves.com.br\/wp-content\/uploads\/2025\/08\/mapa-1536x1041.webp 1536w, https:\/\/www.parquedasaves.com.br\/wp-content\/uploads\/2025\/08\/mapa-2048x1388.webp 2048w\" sizes=\"(max-width: 2500px) 100vw, 2500px\" \/>\t\t\t\t\t\t\t\t<\/a>\n\t\t\t\t\t\t\t\t\t\t\t\t\t\t\t<\/div>\n\t\t\t\t\t<\/div>\n\t\t\t\t<\/div>\n\t\t<div class=\"elementor-element elementor-element-fc6a26b e-flex e-con-boxed e-con e-parent\" data-id=\"fc6a26b\" data-element_type=\"container\" data-e-type=\"container\">\n\t\t\t\t\t<div class=\"e-con-inner\">\n\t\t\t\t<div class=\"elementor-element elementor-element-d7e6a09 elementor-widget elementor-widget-heading\" data-id=\"d7e6a09\" data-element_type=\"widget\" data-e-type=\"widget\" data-widget_type=\"heading.default\">\n\t\t\t\t\t<h3 class=\"elementor-heading-title elementor-size-default\">Atracciones y Experiencias<\/h3>\t\t\t\t<\/div>\n\t\t\t\t<div class=\"elementor-element elementor-element-61ab3f4 elementor-widget-divider--view-line elementor-widget elementor-widget-divider\" data-id=\"61ab3f4\" data-element_type=\"widget\" data-e-type=\"widget\" data-widget_type=\"divider.default\">\n\t\t\t\t\t\t\t<div class=\"elementor-divider\">\n\t\t\t<span class=\"elementor-divider-separator\">\n\t\t\t\t\t\t<\/span>\n\t\t<\/div>\n\t\t\t\t\t\t<\/div>\n\t\t\t\t\t<\/div>\n\t\t\t\t<\/div>\n\t\t<div class=\"elementor-element elementor-element-2646c5a e-flex e-con-boxed e-con e-parent\" data-id=\"2646c5a\" data-element_type=\"container\" data-e-type=\"container\">\n\t\t\t\t\t<div class=\"e-con-inner\">\n\t\t\t\t<div class=\"elementor-element elementor-element-d4bedf2 elementor-widget elementor-widget-atracoes_grid_cards\" data-id=\"d4bedf2\" data-element_type=\"widget\" data-e-type=\"widget\" data-widget_type=\"atracoes_grid_cards.default\">\n\t\t\t\t<div class=\"elementor-widget-container\">\n\t\t\t\t\t\r\n        <div class=\"aepda-gc\">\r\n                        <a href=\"https:\/\/www.parquedasaves.com.br\/es\/atracoes-experiencias\/aviario-aves-de-rios-y-manglares\/\" class=\"aepda-gc__card elementor-animation-bob\" target=\"_self\" >\r\n                <div class=\"aepda-gc__card-img\" style=\"background-image: url('https:\/\/www.parquedasaves.com.br\/wp-content\/uploads\/2026\/02\/topo.jpg');\"><\/div>\r\n                <span class=\"aepda-gc__label\" style=\"background-color: #009BB5;\">\r\n                    Aviario Aves de R\u00edos y Manglares                <\/span>\r\n            <\/a>\r\n                        <a href=\"https:\/\/www.parquedasaves.com.br\/es\/atracoes-experiencias\/aviario-cecropia\/\" class=\"aepda-gc__card elementor-animation-bob\" target=\"_self\" >\r\n                <div class=\"aepda-gc__card-img\" style=\"background-image: url('https:\/\/www.parquedasaves.com.br\/wp-content\/uploads\/2026\/02\/topo-2.jpg');\"><\/div>\r\n                <span class=\"aepda-gc__label\" style=\"background-color: #004680;\">\r\n                    Aviario Cecropia                <\/span>\r\n            <\/a>\r\n                        <a href=\"https:\/\/www.parquedasaves.com.br\/es\/atracoes-experiencias\/aviario-de-las-guacamayas\/\" class=\"aepda-gc__card elementor-animation-bob\" target=\"_self\" >\r\n                <div class=\"aepda-gc__card-img\" style=\"background-image: url('https:\/\/www.parquedasaves.com.br\/wp-content\/uploads\/2026\/02\/topo-3.jpg');\"><\/div>\r\n                <span class=\"aepda-gc__label\" style=\"background-color: #702F8A;\">\r\n                    Aviario de las Guacamayas                <\/span>\r\n            <\/a>\r\n                        <a href=\"https:\/\/www.parquedasaves.com.br\/es\/atracoes-experiencias\/aviario-el-mundo-de-los-tucanes\/\" class=\"aepda-gc__card elementor-animation-bob\" target=\"_self\" >\r\n                <div class=\"aepda-gc__card-img\" style=\"background-image: url('https:\/\/www.parquedasaves.com.br\/wp-content\/uploads\/2026\/02\/mundodostucanos-scaled-e1771954240204.jpg');\"><\/div>\r\n                <span class=\"aepda-gc__label\" style=\"background-color: #E87722;\">\r\n                    Aviario El Mundo de los Tucanes                <\/span>\r\n            <\/a>\r\n                        <a href=\"https:\/\/www.parquedasaves.com.br\/es\/atracoes-experiencias\/aviario-los-pequenos-marrones\/\" class=\"aepda-gc__card elementor-animation-bob\" target=\"_self\" >\r\n                <div class=\"aepda-gc__card-img\" style=\"background-image: url('https:\/\/www.parquedasaves.com.br\/wp-content\/uploads\/2026\/02\/pequenosmarrons-scaled-e1771954084798.jpg');\"><\/div>\r\n                <span class=\"aepda-gc__label\" style=\"background-color: #00AC50;\">\r\n                    Aviario Los Peque\u00f1os Marrones                <\/span>\r\n            <\/a>\r\n                        <a href=\"https:\/\/www.parquedasaves.com.br\/es\/atracoes-experiencias\/mariposas-y-colibries\/\" class=\"aepda-gc__card elementor-animation-bob\" target=\"_self\" >\r\n                <div class=\"aepda-gc__card-img\" style=\"background-image: url('https:\/\/www.parquedasaves.com.br\/wp-content\/uploads\/2026\/02\/beijaflor.jpg');\"><\/div>\r\n                <span class=\"aepda-gc__label\" style=\"background-color: #EF3340;\">\r\n                    Mariposas y Colibr\u00edes                <\/span>\r\n            <\/a>\r\n                    <\/div>\r\n\r\n        \t\t\t\t<\/div>\n\t\t\t\t<\/div>\n\t\t\t\t\t<\/div>\n\t\t\t\t<\/div>\n\t\t<div class=\"elementor-element elementor-element-f9f7dfa e-flex e-con-boxed e-con e-parent\" data-id=\"f9f7dfa\" data-element_type=\"container\" data-e-type=\"container\">\n\t\t\t\t\t<div class=\"e-con-inner\">\n\t\t\t\t<div class=\"elementor-element elementor-element-333909b elementor-align-center elementor-widget elementor-widget-button\" data-id=\"333909b\" data-element_type=\"widget\" data-e-type=\"widget\" data-widget_type=\"button.default\">\n\t\t\t\t\t\t\t\t\t\t<a class=\"elementor-button elementor-button-link elementor-size-sm elementor-animation-bob\" href=\"http:\/\/ingressos.parquedasaves.com.br\" target=\"_blank\">\n\t\t\t\t\t\t<span class=\"elementor-button-content-wrapper\">\n\t\t\t\t\t\t\t\t\t<span class=\"elementor-button-text\">Compra tu entrada<\/span>\n\t\t\t\t\t<\/span>\n\t\t\t\t\t<\/a>\n\t\t\t\t\t\t\t\t<\/div>\n\t\t\t\t\t<\/div>\n\t\t\t\t<\/div>\n\t\t<div class=\"elementor-element elementor-element-ae95eef e-flex e-con-boxed e-con e-parent\" data-id=\"ae95eef\" data-element_type=\"container\" data-e-type=\"container\">\n\t\t\t\t\t<div class=\"e-con-inner\">\n\t\t\t\t<div class=\"elementor-element elementor-element-94b9064 elementor-widget elementor-widget-text-editor\" data-id=\"94b9064\" data-element_type=\"widget\" data-e-type=\"widget\" data-widget_type=\"text-editor.default\">\n\t\t\t\t\t\t\t\t\t<p>M\u00e1s informaci\u00f3n:<\/p>\t\t\t\t\t\t\t\t<\/div>\n\t\t\t\t<div class=\"elementor-element elementor-element-6c967b3 elementor-nav-menu__align-start elementor-nav-menu--dropdown-none menuspaginasinternas elementor-widget elementor-widget-nav-menu\" data-id=\"6c967b3\" data-element_type=\"widget\" data-e-type=\"widget\" data-settings=\"{&quot;layout&quot;:&quot;horizontal&quot;,&quot;submenu_icon&quot;:{&quot;value&quot;:&quot;&lt;svg aria-hidden=\\&quot;true\\&quot; class=\\&quot;e-font-icon-svg e-fas-caret-down\\&quot; viewBox=\\&quot;0 0 320 512\\&quot; xmlns=\\&quot;http:\\\/\\\/www.w3.org\\\/2000\\\/svg\\&quot;&gt;&lt;path d=\\&quot;M31.3 192h257.3c17.8 0 26.7 21.5 14.1 34.1L174.1 354.8c-7.8 7.8-20.5 7.8-28.3 0L17.2 226.1C4.6 213.5 13.5 192 31.3 192z\\&quot;&gt;&lt;\\\/path&gt;&lt;\\\/svg&gt;&quot;,&quot;library&quot;:&quot;fa-solid&quot;}}\" data-widget_type=\"nav-menu.default\">\n\t\t\t\t\t\t\t\t<nav aria-label=\"Menu\" class=\"elementor-nav-menu--main elementor-nav-menu__container elementor-nav-menu--layout-horizontal e--pointer-underline e--animation-fade\">\n\t\t\t\t<ul id=\"menu-1-6c967b3\" class=\"elementor-nav-menu\"><li class=\"menu-item menu-item-type-post_type menu-item-object-page menu-item-8885\"><a href=\"https:\/\/www.parquedasaves.com.br\/home\/\" class=\"elementor-item\">Home<\/a><\/li>\n<li class=\"menu-item menu-item-type-post_type menu-item-object-page menu-item-8886\"><a href=\"https:\/\/www.parquedasaves.com.br\/contato\/\" class=\"elementor-item\">Contato<\/a><\/li>\n<li class=\"menu-item menu-item-type-post_type menu-item-object-page menu-item-8887\"><a href=\"https:\/\/www.parquedasaves.com.br\/gastronomia-pda\/\" class=\"elementor-item\">Gastronomia<\/a><\/li>\n<li class=\"menu-item menu-item-type-post_type menu-item-object-page menu-item-8888\"><a href=\"https:\/\/www.parquedasaves.com.br\/perguntas-frequentes\/\" class=\"elementor-item\">Perguntas frequentes<\/a><\/li>\n<\/ul>\t\t\t<\/nav>\n\t\t\t\t\t\t<nav class=\"elementor-nav-menu--dropdown elementor-nav-menu__container\" aria-hidden=\"true\">\n\t\t\t\t<ul id=\"menu-2-6c967b3\" class=\"elementor-nav-menu\"><li class=\"menu-item menu-item-type-post_type menu-item-object-page menu-item-8885\"><a href=\"https:\/\/www.parquedasaves.com.br\/home\/\" class=\"elementor-item\" tabindex=\"-1\">Home<\/a><\/li>\n<li class=\"menu-item menu-item-type-post_type menu-item-object-page menu-item-8886\"><a href=\"https:\/\/www.parquedasaves.com.br\/contato\/\" class=\"elementor-item\" tabindex=\"-1\">Contato<\/a><\/li>\n<li class=\"menu-item menu-item-type-post_type menu-item-object-page menu-item-8887\"><a href=\"https:\/\/www.parquedasaves.com.br\/gastronomia-pda\/\" class=\"elementor-item\" tabindex=\"-1\">Gastronomia<\/a><\/li>\n<li class=\"menu-item menu-item-type-post_type menu-item-object-page menu-item-8888\"><a href=\"https:\/\/www.parquedasaves.com.br\/perguntas-frequentes\/\" class=\"elementor-item\" tabindex=\"-1\">Perguntas frequentes<\/a><\/li>\n<\/ul>\t\t\t<\/nav>\n\t\t\t\t\t\t<\/div>\n\t\t\t\t\t<\/div>\n\t\t\t\t<\/div>\n\t\t\t\t<\/div>\n\t\t","protected":false},"excerpt":{"rendered":"<p>Con\u00e9ctatecon laMata Atl\u00e1nticay sus especies El Parque das Aves es una de las \u00fanicas instituciones del mundo enfocadas en la conservaci\u00f3n de especies de la Mata Atl\u00e1ntica. Aqu\u00ed, especies \u00fanicas de este bosque encuentran cuidado, y los visitantes viven una experiencia inmersiva de conexi\u00f3n con la naturaleza. Por eso, el Parque se ha convertido en [&hellip;]<\/p>\n","protected":false},"author":1,"featured_media":0,"parent":9417,"menu_order":0,"comment_status":"closed","ping_status":"closed","template":"","meta":{"footnotes":""},"class_list":["post-9431","page","type-page","status-publish","hentry"],"_links":{"self":[{"href":"https:\/\/www.parquedasaves.com.br\/es\/wp-json\/wp\/v2\/pages\/9431","targetHints":{"allow":["GET"]}}],"collection":[{"href":"https:\/\/www.parquedasaves.com.br\/es\/wp-json\/wp\/v2\/pages"}],"about":[{"href":"https:\/\/www.parquedasaves.com.br\/es\/wp-json\/wp\/v2\/types\/page"}],"author":[{"embeddable":true,"href":"https:\/\/www.parquedasaves.com.br\/es\/wp-json\/wp\/v2\/users\/1"}],"replies":[{"embeddable":true,"href":"https:\/\/www.parquedasaves.com.br\/es\/wp-json\/wp\/v2\/comments?post=9431"}],"version-history":[{"count":1,"href":"https:\/\/www.parquedasaves.com.br\/es\/wp-json\/wp\/v2\/pages\/9431\/revisions"}],"predecessor-version":[{"id":9434,"href":"https:\/\/www.parquedasaves.com.br\/es\/wp-json\/wp\/v2\/pages\/9431\/revisions\/9434"}],"up":[{"embeddable":true,"href":"https:\/\/www.parquedasaves.com.br\/es\/wp-json\/wp\/v2\/pages\/9417"}],"wp:attachment":[{"href":"https:\/\/www.parquedasaves.com.br\/es\/wp-json\/wp\/v2\/media?parent=9431"}],"curies":[{"name":"wp","href":"https:\/\/api.w.org\/{rel}","templated":true}]}}