{"id":9417,"date":"2025-08-15T20:51:50","date_gmt":"2025-08-15T23:51:50","guid":{"rendered":"https:\/\/www.parquedasaves.com.br\/planifica-tu-visita\/"},"modified":"2026-03-04T03:03:38","modified_gmt":"2026-03-04T06:03:38","slug":"planifica-tu-visita","status":"publish","type":"page","link":"https:\/\/www.parquedasaves.com.br\/es\/planifica-tu-visita\/","title":{"rendered":"Planifica tu visita"},"content":{"rendered":"\t\t<div data-elementor-type=\"wp-page\" data-elementor-id=\"9417\" class=\"elementor elementor-9417 elementor-1001\" data-elementor-post-type=\"page\">\n\t\t\t\t<div class=\"premium-parallax-section-hide elementor-element elementor-element-80bd40d e-con-full premium-parallax-yes imagenstopom e-flex e-con e-parent\" data-pa-parallax=\"{&quot;type&quot;:&quot;scroll&quot;,&quot;speed&quot;:&quot;&quot;,&quot;android&quot;:0,&quot;ios&quot;:0,&quot;size&quot;:&quot;cover&quot;,&quot;repeat&quot;:&quot;no-repeat&quot;}\" data-id=\"80bd40d\" data-element_type=\"container\" data-e-type=\"container\" data-settings=\"{&quot;background_background&quot;:&quot;classic&quot;}\">\n\t\t\t\t<\/div>\n\t\t<div class=\"elementor-element elementor-element-4c1a9a5 e-con-full e-flex e-con e-parent\" data-id=\"4c1a9a5\" data-element_type=\"container\" data-e-type=\"container\">\n\t\t\t\t<div class=\"elementor-element elementor-element-6ff4487 elementor-widget elementor-widget-shortcode\" data-id=\"6ff4487\" data-element_type=\"widget\" data-e-type=\"widget\" data-widget_type=\"shortcode.default\">\n\t\t\t\t\t\t\t<div class=\"elementor-shortcode\">\t\t<div data-elementor-type=\"section\" data-elementor-id=\"9622\" class=\"elementor elementor-9622 elementor-8238 elementor-8238\" data-elementor-post-type=\"elementor_library\">\n\t\t\t<div class=\"elementor-element elementor-element-ceabd4f e-flex e-con-boxed e-con e-parent\" data-id=\"ceabd4f\" data-element_type=\"container\" data-e-type=\"container\">\n\t\t\t\t\t<div class=\"e-con-inner\">\n\t\t\t\t<div class=\"elementor-element elementor-element-32a9521 elementor-widget elementor-widget-shortcode\" data-id=\"32a9521\" data-element_type=\"widget\" data-e-type=\"widget\" data-widget_type=\"shortcode.default\">\n\t\t\t\t\t\t\t<div class=\"elementor-shortcode\"><nav aria-label=\"breadcrumbs\" class=\"rank-math-breadcrumb\"><p><span class=\"last\">Home<\/span><\/p><\/nav><\/div>\n\t\t\t\t\t\t<\/div>\n\t\t\t\t\t<\/div>\n\t\t\t\t<\/div>\n\t\t\t\t<\/div>\n\t\t<\/div>\n\t\t\t\t\t\t<\/div>\n\t\t\t\t<\/div>\n\t\t<div class=\"elementor-element elementor-element-9e73872 e-flex e-con-boxed e-con e-parent\" data-id=\"9e73872\" data-element_type=\"container\" data-e-type=\"container\">\n\t\t\t\t\t<div class=\"e-con-inner\">\n\t\t<div class=\"elementor-element elementor-element-2a6b80c e-con-full e-flex e-con e-child\" data-id=\"2a6b80c\" data-element_type=\"container\" data-e-type=\"container\">\n\t\t\t\t<div class=\"elementor-element elementor-element-6dc428c elementor-widget elementor-widget-heading\" data-id=\"6dc428c\" data-element_type=\"widget\" data-e-type=\"widget\" data-widget_type=\"heading.default\">\n\t\t\t\t\t<h3 class=\"elementor-heading-title elementor-size-default\">Vive una experiencia inolvidable en la Mata\nAtl\u00e1ntica<\/h3>\t\t\t\t<\/div>\n\t\t\t\t<div class=\"elementor-element elementor-element-22e89db elementor-widget-divider--view-line elementor-widget elementor-widget-divider\" data-id=\"22e89db\" data-element_type=\"widget\" data-e-type=\"widget\" data-widget_type=\"divider.default\">\n\t\t\t\t\t\t\t<div class=\"elementor-divider\">\n\t\t\t<span class=\"elementor-divider-separator\">\n\t\t\t\t\t\t<\/span>\n\t\t<\/div>\n\t\t\t\t\t\t<\/div>\n\t\t\t\t<\/div>\n\t\t<div class=\"elementor-element elementor-element-08a5916 e-con-full e-flex e-con e-child\" data-id=\"08a5916\" data-element_type=\"container\" data-e-type=\"container\">\n\t\t\t\t<div class=\"elementor-element elementor-element-0d4091c elementor-widget elementor-widget-text-editor\" data-id=\"0d4091c\" data-element_type=\"widget\" data-e-type=\"widget\" data-widget_type=\"text-editor.default\">\n\t\t\t\t\t\t\t\t\t<p>En un recorrido autoguiado y accesible de 2 km, pasas por aviarios de inmersi\u00f3n y puedes estar en contacto con aproximadamente 1.400 animales, m\u00e1s de la mitad con historias de rescate y superaci\u00f3n.<\/p>\t\t\t\t\t\t\t\t<\/div>\n\t\t\t\t<\/div>\n\t\t\t\t\t<\/div>\n\t\t\t\t<\/div>\n\t\t<div class=\"elementor-element elementor-element-36c75b5 e-con-full e-flex e-con e-parent\" data-id=\"36c75b5\" data-element_type=\"container\" data-e-type=\"container\">\n\t\t\t\t<div class=\"elementor-element elementor-element-ca4736e elementor-widget elementor-widget-pda_scroll_image\" data-id=\"ca4736e\" data-element_type=\"widget\" data-e-type=\"widget\" data-widget_type=\"pda_scroll_image.default\">\n\t\t\t\t<div class=\"elementor-widget-container\">\n\t\t\t\t\t        <div class=\"ewpda-si\" data-settings='{\"direction\":\"left-to-right\",\"startPosition\":-75,\"endPosition\":45,\"speed\":1.3000000000000000444089209850062616169452667236328125,\"smoothness\":0.1000000000000000055511151231257827021181583404541015625,\"bounceEnabled\":true,\"bounceIntensity\":4,\"bounceSpeed\":4,\"disableOnMobile\":false,\"startPosition_tablet\":-75,\"endPosition_tablet\":45,\"speed_tablet\":1.3000000000000000444089209850062616169452667236328125,\"bounceIntensity_tablet\":4,\"bounceSpeed_tablet\":4,\"startPosition_mobile\":-51,\"endPosition_mobile\":2,\"speed_mobile\":1.6999999999999999555910790149937383830547332763671875,\"bounceIntensity_mobile\":4,\"bounceSpeed_mobile\":4}'>\r\n            <img decoding=\"async\" src=\"https:\/\/www.parquedasaves.com.br\/wp-content\/uploads\/2026\/02\/ARARA_VERMELHA_ISO_02-1.webp\" alt=\"\" class=\"ewpda-si__image\">\r\n        <\/div>\r\n        \t\t\t\t<\/div>\n\t\t\t\t<\/div>\n\t\t\t\t<\/div>\n\t\t<div class=\"elementor-element elementor-element-903540d e-flex e-con-boxed e-con e-parent\" data-id=\"903540d\" data-element_type=\"container\" data-e-type=\"container\">\n\t\t\t\t\t<div class=\"e-con-inner\">\n\t\t\t\t<div class=\"elementor-element elementor-element-e24f40e elementor-widget elementor-widget-heading\" data-id=\"e24f40e\" data-element_type=\"widget\" data-e-type=\"widget\" data-widget_type=\"heading.default\">\n\t\t\t\t\t<h3 class=\"elementor-heading-title elementor-size-default\">Descubre m\u00e1s sobre el recorrido<\/h3>\t\t\t\t<\/div>\n\t\t\t\t<div class=\"elementor-element elementor-element-fb5e42a elementor-widget-divider--view-line elementor-widget elementor-widget-divider\" data-id=\"fb5e42a\" data-element_type=\"widget\" data-e-type=\"widget\" data-widget_type=\"divider.default\">\n\t\t\t\t\t\t\t<div class=\"elementor-divider\">\n\t\t\t<span class=\"elementor-divider-separator\">\n\t\t\t\t\t\t<\/span>\n\t\t<\/div>\n\t\t\t\t\t\t<\/div>\n\t\t\t\t<div class=\"elementor-element elementor-element-fc3acf2 elementor-widget elementor-widget-text-editor\" data-id=\"fc3acf2\" data-element_type=\"widget\" data-e-type=\"widget\" data-widget_type=\"text-editor.default\">\n\t\t\t\t\t\t\t\t\t<p>Un patrimonio natural de importancia global a tu alcance. \u00a1Ven a vivir esta experiencia! <\/p>\t\t\t\t\t\t\t\t<\/div>\n\t\t\t\t\t<\/div>\n\t\t\t\t<\/div>\n\t\t<div class=\"elementor-element elementor-element-c50ed4f e-grid e-con-boxed e-con e-parent\" data-id=\"c50ed4f\" data-element_type=\"container\" data-e-type=\"container\">\n\t\t\t\t\t<div class=\"e-con-inner\">\n\t\t\t\t<div class=\"elementor-element elementor-element-55d085f elementor-position-left elementor-vertical-align-middle elementor-position-left elementor-vertical-align-top iconeladopagvisita elementor-widget elementor-widget-image-box\" data-id=\"55d085f\" data-element_type=\"widget\" data-e-type=\"widget\" data-widget_type=\"image-box.default\">\n\t\t\t\t\t<div class=\"elementor-image-box-wrapper\"><figure class=\"elementor-image-box-img\"><img decoding=\"async\" width=\"170\" height=\"180\" src=\"https:\/\/www.parquedasaves.com.br\/wp-content\/uploads\/2026\/02\/Camada_1874.png\" class=\"attachment-full size-full wp-image-9424\" alt=\"\" \/><\/figure><div class=\"elementor-image-box-content\"><p class=\"elementor-image-box-description\">Camina por aviarios de inmersi\u00f3n en medio de la Mata Atl\u00e1ntica. Ac\u00e9rcate a los animales con respeto, cuidado y encanto. <\/p><\/div><\/div>\t\t\t\t<\/div>\n\t\t\t\t<div class=\"elementor-element elementor-element-b51cfe8 elementor-position-left elementor-vertical-align-middle elementor-position-left elementor-vertical-align-top iconeladopagvisita elementor-widget elementor-widget-image-box\" data-id=\"b51cfe8\" data-element_type=\"widget\" data-e-type=\"widget\" data-widget_type=\"image-box.default\">\n\t\t\t\t\t<div class=\"elementor-image-box-wrapper\"><figure class=\"elementor-image-box-img\"><img decoding=\"async\" width=\"170\" height=\"144\" src=\"https:\/\/www.parquedasaves.com.br\/wp-content\/uploads\/2026\/02\/Camada_1-icone.png\" class=\"attachment-full size-full wp-image-9422\" alt=\"\" \/><\/figure><div class=\"elementor-image-box-content\"><p class=\"elementor-image-box-description\">Siente la energ\u00eda de los vuelos rasantes de los guacamayos en un gran aviario de inmersi\u00f3n. Uno de los momentos m\u00e1s impresionantes de toda la visita. <\/p><\/div><\/div>\t\t\t\t<\/div>\n\t\t\t\t<div class=\"elementor-element elementor-element-a3f5683 elementor-position-left elementor-vertical-align-middle elementor-position-left elementor-vertical-align-top iconeladopagvisita elementor-widget elementor-widget-image-box\" data-id=\"a3f5683\" data-element_type=\"widget\" data-e-type=\"widget\" data-widget_type=\"image-box.default\">\n\t\t\t\t\t<div class=\"elementor-image-box-wrapper\"><figure class=\"elementor-image-box-img\"><img decoding=\"async\" width=\"144\" height=\"150\" src=\"https:\/\/www.parquedasaves.com.br\/wp-content\/uploads\/2026\/02\/Camada_178.png\" class=\"attachment-full size-full wp-image-9423\" alt=\"\" \/><\/figure><div class=\"elementor-image-box-content\"><p class=\"elementor-image-box-description\">Encuentra de cerca tucanes, loros, pavas y muchas otras aves de la Mata Atl\u00e1ntica. Una inmersi\u00f3n real en la biodiversidad brasile\u00f1a. <\/p><\/div><\/div>\t\t\t\t<\/div>\n\t\t\t\t<div class=\"elementor-element elementor-element-3589d43 elementor-position-left elementor-vertical-align-middle elementor-position-left elementor-vertical-align-top iconeladopagvisita elementor-widget elementor-widget-image-box\" data-id=\"3589d43\" data-element_type=\"widget\" data-e-type=\"widget\" data-widget_type=\"image-box.default\">\n\t\t\t\t\t<div class=\"elementor-image-box-wrapper\"><figure class=\"elementor-image-box-img\"><img loading=\"lazy\" decoding=\"async\" width=\"142\" height=\"222\" src=\"https:\/\/www.parquedasaves.com.br\/wp-content\/uploads\/2026\/02\/Layer_1.png\" class=\"attachment-full size-full wp-image-9425\" alt=\"\" \/><\/figure><div class=\"elementor-image-box-content\"><p class=\"elementor-image-box-description\">Descubre uno de los mayores aviarios de aves de Brasil, con m\u00e1s de 300 periquitos. Un espect\u00e1culo natural que involucra todos los sentidos. <\/p><\/div><\/div>\t\t\t\t<\/div>\n\t\t\t\t<div class=\"elementor-element elementor-element-87a4c71 elementor-position-left elementor-vertical-align-middle elementor-position-left elementor-vertical-align-top iconeladopagvisita elementor-widget elementor-widget-image-box\" data-id=\"87a4c71\" data-element_type=\"widget\" data-e-type=\"widget\" data-widget_type=\"image-box.default\">\n\t\t\t\t\t<div class=\"elementor-image-box-wrapper\"><figure class=\"elementor-image-box-img\"><img loading=\"lazy\" decoding=\"async\" width=\"170\" height=\"160\" src=\"https:\/\/www.parquedasaves.com.br\/wp-content\/uploads\/2026\/02\/Camada_1254.png\" class=\"attachment-full size-full wp-image-9426\" alt=\"\" \/><\/figure><div class=\"elementor-image-box-content\"><p class=\"elementor-image-box-description\">Tu visita contribuye directamente a la conservaci\u00f3n de las especies m\u00e1s amenazadas de la Mata Atl\u00e1ntica. Una experiencia que genera un impacto positivo real. <\/p><\/div><\/div>\t\t\t\t<\/div>\n\t\t\t\t<div class=\"elementor-element elementor-element-7227d18 elementor-position-left elementor-vertical-align-middle elementor-position-left elementor-vertical-align-middle iconeladopagvisita elementor-widget elementor-widget-image-box\" data-id=\"7227d18\" data-element_type=\"widget\" data-e-type=\"widget\" data-widget_type=\"image-box.default\">\n\t\t\t\t\t<div class=\"elementor-image-box-wrapper\"><figure class=\"elementor-image-box-img\"><img loading=\"lazy\" decoding=\"async\" width=\"158\" height=\"218\" src=\"https:\/\/www.parquedasaves.com.br\/wp-content\/uploads\/2026\/01\/icone-mapa.png\" class=\"attachment-full size-full wp-image-9004\" alt=\"\" \/><\/figure><div class=\"elementor-image-box-content\"><p class=\"elementor-image-box-description\">Estamos en Foz do Igua\u00e7u, al lado de las Cataratas. Incluye el Parque das Aves en tu itinerario con facilidad. <\/p><\/div><\/div>\t\t\t\t<\/div>\n\t\t\t\t\t<\/div>\n\t\t\t\t<\/div>\n\t\t<div class=\"elementor-element elementor-element-a6fb4d3 e-flex e-con-boxed e-con e-parent\" data-id=\"a6fb4d3\" data-element_type=\"container\" data-e-type=\"container\">\n\t\t\t\t\t<div class=\"e-con-inner\">\n\t\t\t\t<div class=\"elementor-element elementor-element-7700b5b elementor-align-center elementor-widget elementor-widget-button\" data-id=\"7700b5b\" data-element_type=\"widget\" data-e-type=\"widget\" data-widget_type=\"button.default\">\n\t\t\t\t\t\t\t\t\t\t<a class=\"elementor-button elementor-button-link elementor-size-sm elementor-animation-bob\" href=\"https:\/\/ingressos.parquedasaves.com.br\/\" target=\"_blank\">\n\t\t\t\t\t\t<span class=\"elementor-button-content-wrapper\">\n\t\t\t\t\t\t\t\t\t<span class=\"elementor-button-text\">Compra tu entrada<\/span>\n\t\t\t\t\t<\/span>\n\t\t\t\t\t<\/a>\n\t\t\t\t\t\t\t\t<\/div>\n\t\t\t\t\t<\/div>\n\t\t\t\t<\/div>\n\t\t<div class=\"elementor-element elementor-element-414c239 e-flex e-con-boxed e-con e-parent\" data-id=\"414c239\" data-element_type=\"container\" data-e-type=\"container\">\n\t\t\t\t\t<div class=\"e-con-inner\">\n\t\t\t\t<div class=\"elementor-element elementor-element-0812ec0 elementor-widget elementor-widget-video\" data-id=\"0812ec0\" data-element_type=\"widget\" data-e-type=\"widget\" data-settings=\"{&quot;youtube_url&quot;:&quot;https:\\\/\\\/www.youtube.com\\\/watch?v=qRx5Ai3iy1E&quot;,&quot;video_type&quot;:&quot;youtube&quot;,&quot;controls&quot;:&quot;yes&quot;}\" data-widget_type=\"video.default\">\n\t\t\t\t\t\t\t<div class=\"elementor-wrapper elementor-open-inline\">\n\t\t\t<div class=\"elementor-video\"><\/div>\t\t<\/div>\n\t\t\t\t\t\t<\/div>\n\t\t\t\t\t<\/div>\n\t\t\t\t<\/div>\n\t\t<div class=\"elementor-element elementor-element-abe4deb e-flex e-con-boxed e-con e-parent\" data-id=\"abe4deb\" data-element_type=\"container\" data-e-type=\"container\">\n\t\t\t\t\t<div class=\"e-con-inner\">\n\t\t\t\t<div class=\"elementor-element elementor-element-226b71a elementor-align-center elementor-widget elementor-widget-button\" data-id=\"226b71a\" data-element_type=\"widget\" data-e-type=\"widget\" data-widget_type=\"button.default\">\n\t\t\t\t\t\t\t\t\t\t<a class=\"elementor-button elementor-button-link elementor-size-sm elementor-animation-bob\" href=\"https:\/\/www.parquedasaves.com.br\/planeje-sua-visita\/atracoes-e-mapa\/\">\n\t\t\t\t\t\t<span class=\"elementor-button-content-wrapper\">\n\t\t\t\t\t\t\t\t\t<span class=\"elementor-button-text\">Atracciones y mapa<\/span>\n\t\t\t\t\t<\/span>\n\t\t\t\t\t<\/a>\n\t\t\t\t\t\t\t\t<\/div>\n\t\t\t\t\t<\/div>\n\t\t\t\t<\/div>\n\t\t<div class=\"elementor-element elementor-element-854309f e-flex e-con-boxed e-con e-parent\" data-id=\"854309f\" data-element_type=\"container\" data-e-type=\"container\">\n\t\t\t\t\t<div class=\"e-con-inner\">\n\t\t\t\t<div class=\"elementor-element elementor-element-5e01686 elementor-widget elementor-widget-text-editor\" data-id=\"5e01686\" data-element_type=\"widget\" data-e-type=\"widget\" data-widget_type=\"text-editor.default\">\n\t\t\t\t\t\t\t\t\t<p>M\u00e1s informaci\u00f3n:<\/p>\t\t\t\t\t\t\t\t<\/div>\n\t\t\t\t<div class=\"elementor-element elementor-element-c15f5e3 elementor-nav-menu__align-start elementor-nav-menu--dropdown-none menuspaginasinternas elementor-widget elementor-widget-nav-menu\" data-id=\"c15f5e3\" data-element_type=\"widget\" data-e-type=\"widget\" data-settings=\"{&quot;layout&quot;:&quot;horizontal&quot;,&quot;submenu_icon&quot;:{&quot;value&quot;:&quot;&lt;svg aria-hidden=\\&quot;true\\&quot; class=\\&quot;e-font-icon-svg e-fas-caret-down\\&quot; viewBox=\\&quot;0 0 320 512\\&quot; xmlns=\\&quot;http:\\\/\\\/www.w3.org\\\/2000\\\/svg\\&quot;&gt;&lt;path d=\\&quot;M31.3 192h257.3c17.8 0 26.7 21.5 14.1 34.1L174.1 354.8c-7.8 7.8-20.5 7.8-28.3 0L17.2 226.1C4.6 213.5 13.5 192 31.3 192z\\&quot;&gt;&lt;\\\/path&gt;&lt;\\\/svg&gt;&quot;,&quot;library&quot;:&quot;fa-solid&quot;}}\" data-widget_type=\"nav-menu.default\">\n\t\t\t\t\t\t\t\t<nav aria-label=\"Menu\" class=\"elementor-nav-menu--main elementor-nav-menu__container elementor-nav-menu--layout-horizontal e--pointer-underline e--animation-fade\">\n\t\t\t\t<ul id=\"menu-1-c15f5e3\" class=\"elementor-nav-menu\"><li class=\"menu-item menu-item-type-post_type menu-item-object-page menu-item-8885\"><a href=\"https:\/\/www.parquedasaves.com.br\/home\/\" class=\"elementor-item\">Home<\/a><\/li>\n<li class=\"menu-item menu-item-type-post_type menu-item-object-page menu-item-8886\"><a href=\"https:\/\/www.parquedasaves.com.br\/contato\/\" class=\"elementor-item\">Contato<\/a><\/li>\n<li class=\"menu-item menu-item-type-post_type menu-item-object-page menu-item-8887\"><a href=\"https:\/\/www.parquedasaves.com.br\/gastronomia-pda\/\" class=\"elementor-item\">Gastronomia<\/a><\/li>\n<li class=\"menu-item menu-item-type-post_type menu-item-object-page menu-item-8888\"><a href=\"https:\/\/www.parquedasaves.com.br\/perguntas-frequentes\/\" class=\"elementor-item\">Perguntas frequentes<\/a><\/li>\n<\/ul>\t\t\t<\/nav>\n\t\t\t\t\t\t<nav class=\"elementor-nav-menu--dropdown elementor-nav-menu__container\" aria-hidden=\"true\">\n\t\t\t\t<ul id=\"menu-2-c15f5e3\" class=\"elementor-nav-menu\"><li class=\"menu-item menu-item-type-post_type menu-item-object-page menu-item-8885\"><a href=\"https:\/\/www.parquedasaves.com.br\/home\/\" class=\"elementor-item\" tabindex=\"-1\">Home<\/a><\/li>\n<li class=\"menu-item menu-item-type-post_type menu-item-object-page menu-item-8886\"><a href=\"https:\/\/www.parquedasaves.com.br\/contato\/\" class=\"elementor-item\" tabindex=\"-1\">Contato<\/a><\/li>\n<li class=\"menu-item menu-item-type-post_type menu-item-object-page menu-item-8887\"><a href=\"https:\/\/www.parquedasaves.com.br\/gastronomia-pda\/\" class=\"elementor-item\" tabindex=\"-1\">Gastronomia<\/a><\/li>\n<li class=\"menu-item menu-item-type-post_type menu-item-object-page menu-item-8888\"><a href=\"https:\/\/www.parquedasaves.com.br\/perguntas-frequentes\/\" class=\"elementor-item\" tabindex=\"-1\">Perguntas frequentes<\/a><\/li>\n<\/ul>\t\t\t<\/nav>\n\t\t\t\t\t\t<\/div>\n\t\t\t\t\t<\/div>\n\t\t\t\t<\/div>\n\t\t\t\t<\/div>\n\t\t","protected":false},"excerpt":{"rendered":"<p>Vive una experiencia inolvidable en la Mata Atl\u00e1ntica En un recorrido autoguiado y accesible de 2 km, pasas por aviarios de inmersi\u00f3n y puedes estar en contacto con aproximadamente 1.400 animales, m\u00e1s de la mitad con historias de rescate y superaci\u00f3n. Descubre m\u00e1s sobre el recorrido Un patrimonio natural de importancia global a tu alcance. [&hellip;]<\/p>\n","protected":false},"author":1,"featured_media":8985,"parent":0,"menu_order":0,"comment_status":"closed","ping_status":"closed","template":"","meta":{"footnotes":""},"class_list":["post-9417","page","type-page","status-publish","has-post-thumbnail","hentry"],"_links":{"self":[{"href":"https:\/\/www.parquedasaves.com.br\/es\/wp-json\/wp\/v2\/pages\/9417","targetHints":{"allow":["GET"]}}],"collection":[{"href":"https:\/\/www.parquedasaves.com.br\/es\/wp-json\/wp\/v2\/pages"}],"about":[{"href":"https:\/\/www.parquedasaves.com.br\/es\/wp-json\/wp\/v2\/types\/page"}],"author":[{"embeddable":true,"href":"https:\/\/www.parquedasaves.com.br\/es\/wp-json\/wp\/v2\/users\/1"}],"replies":[{"embeddable":true,"href":"https:\/\/www.parquedasaves.com.br\/es\/wp-json\/wp\/v2\/comments?post=9417"}],"version-history":[{"count":1,"href":"https:\/\/www.parquedasaves.com.br\/es\/wp-json\/wp\/v2\/pages\/9417\/revisions"}],"predecessor-version":[{"id":9430,"href":"https:\/\/www.parquedasaves.com.br\/es\/wp-json\/wp\/v2\/pages\/9417\/revisions\/9430"}],"wp:featuredmedia":[{"embeddable":true,"href":"https:\/\/www.parquedasaves.com.br\/es\/wp-json\/wp\/v2\/media\/8985"}],"wp:attachment":[{"href":"https:\/\/www.parquedasaves.com.br\/es\/wp-json\/wp\/v2\/media?parent=9417"}],"curies":[{"name":"wp","href":"https:\/\/api.w.org\/{rel}","templated":true}]}}