{"id":9269,"date":"2026-01-30T20:00:25","date_gmt":"2026-01-30T23:00:25","guid":{"rendered":"https:\/\/www.parquedasaves.com.br\/alianzas-comerciales\/"},"modified":"2026-03-04T03:01:02","modified_gmt":"2026-03-04T06:01:02","slug":"alianzas-comerciales","status":"publish","type":"page","link":"https:\/\/www.parquedasaves.com.br\/es\/alianzas-comerciales\/","title":{"rendered":"Alianzas comerciales"},"content":{"rendered":"\t\t<div data-elementor-type=\"wp-page\" data-elementor-id=\"9269\" class=\"elementor elementor-9269 elementor-6237\" data-elementor-post-type=\"page\">\n\t\t\t\t<div class=\"elementor-element elementor-element-80bd40d e-con-full e-flex e-con e-parent\" data-id=\"80bd40d\" data-element_type=\"container\" data-e-type=\"container\" data-settings=\"{&quot;background_background&quot;:&quot;classic&quot;}\">\n\t\t\t\t<\/div>\n\t\t<div class=\"elementor-element elementor-element-9ba88cb e-con-full e-flex e-con e-parent\" data-id=\"9ba88cb\" data-element_type=\"container\" data-e-type=\"container\">\n\t\t\t\t<div class=\"elementor-element elementor-element-4fd63a9 elementor-widget elementor-widget-shortcode\" data-id=\"4fd63a9\" data-element_type=\"widget\" data-e-type=\"widget\" data-widget_type=\"shortcode.default\">\n\t\t\t\t\t\t\t<div class=\"elementor-shortcode\">\t\t<div data-elementor-type=\"section\" data-elementor-id=\"9622\" class=\"elementor elementor-9622 elementor-8238 elementor-8238\" data-elementor-post-type=\"elementor_library\">\n\t\t\t<div class=\"elementor-element elementor-element-ceabd4f e-flex e-con-boxed e-con e-parent\" data-id=\"ceabd4f\" data-element_type=\"container\" data-e-type=\"container\">\n\t\t\t\t\t<div class=\"e-con-inner\">\n\t\t\t\t<div class=\"elementor-element elementor-element-32a9521 elementor-widget elementor-widget-shortcode\" data-id=\"32a9521\" data-element_type=\"widget\" data-e-type=\"widget\" data-widget_type=\"shortcode.default\">\n\t\t\t\t\t\t\t<div class=\"elementor-shortcode\"><nav aria-label=\"breadcrumbs\" class=\"rank-math-breadcrumb\"><p><span class=\"last\">Home<\/span><\/p><\/nav><\/div>\n\t\t\t\t\t\t<\/div>\n\t\t\t\t\t<\/div>\n\t\t\t\t<\/div>\n\t\t\t\t<\/div>\n\t\t<\/div>\n\t\t\t\t\t\t<\/div>\n\t\t\t\t<\/div>\n\t\t<div class=\"elementor-element elementor-element-bdbe2e2 e-flex e-con-boxed e-con e-parent\" data-id=\"bdbe2e2\" data-element_type=\"container\" data-e-type=\"container\">\n\t\t\t\t\t<div class=\"e-con-inner\">\n\t\t\t\t<div class=\"elementor-element elementor-element-155d53e elementor-widget elementor-widget-heading\" data-id=\"155d53e\" data-element_type=\"widget\" data-e-type=\"widget\" data-widget_type=\"heading.default\">\n\t\t\t\t\t<h3 class=\"elementor-heading-title elementor-size-default\">Alianzas comerciales<\/h3>\t\t\t\t<\/div>\n\t\t\t\t<div class=\"elementor-element elementor-element-a555d26 elementor-widget-divider--view-line elementor-widget elementor-widget-divider\" data-id=\"a555d26\" data-element_type=\"widget\" data-e-type=\"widget\" data-widget_type=\"divider.default\">\n\t\t\t\t\t\t\t<div class=\"elementor-divider\">\n\t\t\t<span class=\"elementor-divider-separator\">\n\t\t\t\t\t\t<\/span>\n\t\t<\/div>\n\t\t\t\t\t\t<\/div>\n\t\t\t\t<div class=\"elementor-element elementor-element-0e35c93 elementor-widget elementor-widget-text-editor\" data-id=\"0e35c93\" data-element_type=\"widget\" data-e-type=\"widget\" data-widget_type=\"text-editor.default\">\n\t\t\t\t\t\t\t\t\t<p><span style=\"font-weight: 400;\">El Parque das Aves es un centro de conservaci\u00f3n dedicado a las especies de la Mata Atl\u00e1ntica, con la misi\u00f3n de conectar a las personas con el mundo natural y actuar para salvar a estas especies. Cada acci\u00f3n desarrollada por la instituci\u00f3n busca generar un impacto positivo, promoviendo la sostenibilidad, la responsabilidad socioambiental y relaciones que contribuyan a un futuro mejor para todos. <\/span><\/p><p><span style=\"font-weight: 400;\">Por ello, valoramos las alianzas alineadas con nuestros principios y con el cuidado que gu\u00eda nuestro trabajo diario. Colaboramos con profesionales, empresas e iniciativas que comparten el compromiso con la naturaleza, la educaci\u00f3n y la transformaci\u00f3n a trav\u00e9s de experiencias significativas. <\/span><\/p><p><span style=\"font-weight: 400;\">Si deseas establecer una alianza con el Parque das Aves, ponte en contacto seg\u00fan el \u00e1rea de inter\u00e9s:<\/span><\/p><p><b>Agencias de turismo, gu\u00edas y taxistas<\/b><br><span style=\"font-weight: 400;\">relacionamento@parquedasaves.com.br<\/span><\/p><p><b>Productos y servicios en general<\/b><br><span style=\"font-weight: 400;\">compras@parquedasaves.com.br<\/span><\/p><p><b>Artesan\u00eda y productos para la Tienda del Parque<\/b><br><span style=\"font-weight: 400;\">loja@parquedasaves.com.br<\/span><\/p><p><span style=\"font-weight: 400;\">Nuestro equipo estar\u00e1 encantado de evaluar tu propuesta y orientarte sobre los pr\u00f3ximos pasos. Quedamos a tu disposici\u00f3n para construir juntos iniciativas que fortalezcan la conservaci\u00f3n de la Mata Atl\u00e1ntica y ampl\u00eden la conexi\u00f3n de las personas con la naturaleza. <\/span><\/p>\t\t\t\t\t\t\t\t<\/div>\n\t\t\t\t\t<\/div>\n\t\t\t\t<\/div>\n\t\t<div class=\"elementor-element elementor-element-67430e6 e-flex e-con-boxed e-con e-parent\" data-id=\"67430e6\" data-element_type=\"container\" data-e-type=\"container\" data-settings=\"{&quot;background_background&quot;:&quot;classic&quot;}\">\n\t\t\t\t\t<div class=\"e-con-inner\">\n\t\t\t\t\t<\/div>\n\t\t\t\t<\/div>\n\t\t<div class=\"elementor-element elementor-element-829eacd e-flex e-con-boxed e-con e-parent\" data-id=\"829eacd\" data-element_type=\"container\" data-e-type=\"container\">\n\t\t\t\t\t<div class=\"e-con-inner\">\n\t\t\t\t<div class=\"elementor-element elementor-element-8296b62 elementor-widget elementor-widget-text-editor\" data-id=\"8296b62\" data-element_type=\"widget\" data-e-type=\"widget\" data-widget_type=\"text-editor.default\">\n\t\t\t\t\t\t\t\t\t<p>M\u00e1s informaci\u00f3n:<\/p>\t\t\t\t\t\t\t\t<\/div>\n\t\t\t\t<div class=\"elementor-element elementor-element-d2f891a elementor-nav-menu__align-start elementor-nav-menu--dropdown-none menuspaginasinternas elementor-widget elementor-widget-nav-menu\" data-id=\"d2f891a\" data-element_type=\"widget\" data-e-type=\"widget\" data-settings=\"{&quot;layout&quot;:&quot;horizontal&quot;,&quot;submenu_icon&quot;:{&quot;value&quot;:&quot;&lt;svg aria-hidden=\\&quot;true\\&quot; class=\\&quot;e-font-icon-svg e-fas-caret-down\\&quot; viewBox=\\&quot;0 0 320 512\\&quot; xmlns=\\&quot;http:\\\/\\\/www.w3.org\\\/2000\\\/svg\\&quot;&gt;&lt;path d=\\&quot;M31.3 192h257.3c17.8 0 26.7 21.5 14.1 34.1L174.1 354.8c-7.8 7.8-20.5 7.8-28.3 0L17.2 226.1C4.6 213.5 13.5 192 31.3 192z\\&quot;&gt;&lt;\\\/path&gt;&lt;\\\/svg&gt;&quot;,&quot;library&quot;:&quot;fa-solid&quot;}}\" data-widget_type=\"nav-menu.default\">\n\t\t\t\t\t\t\t\t<nav aria-label=\"Menu\" class=\"elementor-nav-menu--main elementor-nav-menu__container elementor-nav-menu--layout-horizontal e--pointer-underline e--animation-fade\">\n\t\t\t\t<ul id=\"menu-1-d2f891a\" class=\"elementor-nav-menu\"><li class=\"menu-item menu-item-type-post_type menu-item-object-page menu-item-9741\"><a href=\"https:\/\/www.parquedasaves.com.br\/es\/accesibilidad\/\" class=\"elementor-item\">Accesibilidad<\/a><\/li>\n<li class=\"menu-item menu-item-type-post_type menu-item-object-page menu-item-9742\"><a href=\"https:\/\/www.parquedasaves.com.br\/es\/prensa-y-socios\/\" class=\"elementor-item\">Prensa y socios<\/a><\/li>\n<li class=\"menu-item menu-item-type-post_type menu-item-object-page menu-item-9743\"><a href=\"https:\/\/www.parquedasaves.com.br\/es\/alianzas-comerciales\/\" class=\"elementor-item\">Alianzas comerciales<\/a><\/li>\n<li class=\"menu-item menu-item-type-post_type menu-item-object-page menu-item-9744\"><a href=\"https:\/\/www.parquedasaves.com.br\/es\/politica-de-cookies\/\" class=\"elementor-item\">Pol\u00edtica de Cookies<\/a><\/li>\n<li class=\"menu-item menu-item-type-post_type menu-item-object-page menu-item-9745\"><a href=\"https:\/\/www.parquedasaves.com.br\/es\/politica-de-privacidad\/\" class=\"elementor-item\">Pol\u00edtica de privacidad<\/a><\/li>\n<\/ul>\t\t\t<\/nav>\n\t\t\t\t\t\t<nav class=\"elementor-nav-menu--dropdown elementor-nav-menu__container\" aria-hidden=\"true\">\n\t\t\t\t<ul id=\"menu-2-d2f891a\" class=\"elementor-nav-menu\"><li class=\"menu-item menu-item-type-post_type menu-item-object-page menu-item-9741\"><a href=\"https:\/\/www.parquedasaves.com.br\/es\/accesibilidad\/\" class=\"elementor-item\" tabindex=\"-1\">Accesibilidad<\/a><\/li>\n<li class=\"menu-item menu-item-type-post_type menu-item-object-page menu-item-9742\"><a href=\"https:\/\/www.parquedasaves.com.br\/es\/prensa-y-socios\/\" class=\"elementor-item\" tabindex=\"-1\">Prensa y socios<\/a><\/li>\n<li class=\"menu-item menu-item-type-post_type menu-item-object-page menu-item-9743\"><a href=\"https:\/\/www.parquedasaves.com.br\/es\/alianzas-comerciales\/\" class=\"elementor-item\" tabindex=\"-1\">Alianzas comerciales<\/a><\/li>\n<li class=\"menu-item menu-item-type-post_type menu-item-object-page menu-item-9744\"><a href=\"https:\/\/www.parquedasaves.com.br\/es\/politica-de-cookies\/\" class=\"elementor-item\" tabindex=\"-1\">Pol\u00edtica de Cookies<\/a><\/li>\n<li class=\"menu-item menu-item-type-post_type menu-item-object-page menu-item-9745\"><a href=\"https:\/\/www.parquedasaves.com.br\/es\/politica-de-privacidad\/\" class=\"elementor-item\" tabindex=\"-1\">Pol\u00edtica de privacidad<\/a><\/li>\n<\/ul>\t\t\t<\/nav>\n\t\t\t\t\t\t<\/div>\n\t\t\t\t\t<\/div>\n\t\t\t\t<\/div>\n\t\t\t\t<\/div>\n\t\t","protected":false},"excerpt":{"rendered":"<p>Alianzas comerciales El Parque das Aves es un centro de conservaci\u00f3n dedicado a las especies de la Mata Atl\u00e1ntica, con la misi\u00f3n de conectar a las personas con el mundo natural y actuar para salvar a estas especies. Cada acci\u00f3n desarrollada por la instituci\u00f3n busca generar un impacto positivo, promoviendo la sostenibilidad, la responsabilidad socioambiental [&hellip;]<\/p>\n","protected":false},"author":1,"featured_media":8985,"parent":0,"menu_order":0,"comment_status":"closed","ping_status":"closed","template":"","meta":{"footnotes":""},"class_list":["post-9269","page","type-page","status-publish","has-post-thumbnail","hentry"],"_links":{"self":[{"href":"https:\/\/www.parquedasaves.com.br\/es\/wp-json\/wp\/v2\/pages\/9269","targetHints":{"allow":["GET"]}}],"collection":[{"href":"https:\/\/www.parquedasaves.com.br\/es\/wp-json\/wp\/v2\/pages"}],"about":[{"href":"https:\/\/www.parquedasaves.com.br\/es\/wp-json\/wp\/v2\/types\/page"}],"author":[{"embeddable":true,"href":"https:\/\/www.parquedasaves.com.br\/es\/wp-json\/wp\/v2\/users\/1"}],"replies":[{"embeddable":true,"href":"https:\/\/www.parquedasaves.com.br\/es\/wp-json\/wp\/v2\/comments?post=9269"}],"version-history":[{"count":1,"href":"https:\/\/www.parquedasaves.com.br\/es\/wp-json\/wp\/v2\/pages\/9269\/revisions"}],"predecessor-version":[{"id":9271,"href":"https:\/\/www.parquedasaves.com.br\/es\/wp-json\/wp\/v2\/pages\/9269\/revisions\/9271"}],"wp:featuredmedia":[{"embeddable":true,"href":"https:\/\/www.parquedasaves.com.br\/es\/wp-json\/wp\/v2\/media\/8985"}],"wp:attachment":[{"href":"https:\/\/www.parquedasaves.com.br\/es\/wp-json\/wp\/v2\/media?parent=9269"}],"curies":[{"name":"wp","href":"https:\/\/api.w.org\/{rel}","templated":true}]}}