{"id":9265,"date":"2026-01-30T19:19:10","date_gmt":"2026-01-30T22:19:10","guid":{"rendered":"https:\/\/www.parquedasaves.com.br\/prensa-y-socios\/"},"modified":"2026-03-04T03:01:02","modified_gmt":"2026-03-04T06:01:02","slug":"prensa-y-socios","status":"publish","type":"page","link":"https:\/\/www.parquedasaves.com.br\/es\/prensa-y-socios\/","title":{"rendered":"Prensa y socios"},"content":{"rendered":"\t\t<div data-elementor-type=\"wp-page\" data-elementor-id=\"9265\" class=\"elementor elementor-9265 elementor-6216\" data-elementor-post-type=\"page\">\n\t\t\t\t<div class=\"elementor-element elementor-element-80bd40d e-con-full e-flex e-con e-parent\" data-id=\"80bd40d\" data-element_type=\"container\" data-e-type=\"container\" data-settings=\"{&quot;background_background&quot;:&quot;classic&quot;}\">\n\t\t\t\t<\/div>\n\t\t<div class=\"elementor-element elementor-element-dfba9d4 e-con-full e-flex e-con e-parent\" data-id=\"dfba9d4\" data-element_type=\"container\" data-e-type=\"container\">\n\t\t\t\t<div class=\"elementor-element elementor-element-cdc044e elementor-widget elementor-widget-shortcode\" data-id=\"cdc044e\" data-element_type=\"widget\" data-e-type=\"widget\" data-widget_type=\"shortcode.default\">\n\t\t\t\t\t\t\t<div class=\"elementor-shortcode\">\t\t<div data-elementor-type=\"section\" data-elementor-id=\"9622\" class=\"elementor elementor-9622 elementor-8238 elementor-8238\" data-elementor-post-type=\"elementor_library\">\n\t\t\t<div class=\"elementor-element elementor-element-ceabd4f e-flex e-con-boxed e-con e-parent\" data-id=\"ceabd4f\" data-element_type=\"container\" data-e-type=\"container\">\n\t\t\t\t\t<div class=\"e-con-inner\">\n\t\t\t\t<div class=\"elementor-element elementor-element-32a9521 elementor-widget elementor-widget-shortcode\" data-id=\"32a9521\" data-element_type=\"widget\" data-e-type=\"widget\" data-widget_type=\"shortcode.default\">\n\t\t\t\t\t\t\t<div class=\"elementor-shortcode\"><nav aria-label=\"breadcrumbs\" class=\"rank-math-breadcrumb\"><p><span class=\"last\">Home<\/span><\/p><\/nav><\/div>\n\t\t\t\t\t\t<\/div>\n\t\t\t\t\t<\/div>\n\t\t\t\t<\/div>\n\t\t\t\t<\/div>\n\t\t<\/div>\n\t\t\t\t\t\t<\/div>\n\t\t\t\t<\/div>\n\t\t<div class=\"elementor-element elementor-element-bdbe2e2 e-flex e-con-boxed e-con e-parent\" data-id=\"bdbe2e2\" data-element_type=\"container\" data-e-type=\"container\">\n\t\t\t\t\t<div class=\"e-con-inner\">\n\t\t\t\t<div class=\"elementor-element elementor-element-155d53e elementor-widget elementor-widget-heading\" data-id=\"155d53e\" data-element_type=\"widget\" data-e-type=\"widget\" data-widget_type=\"heading.default\">\n\t\t\t\t\t<h3 class=\"elementor-heading-title elementor-size-default\">Prensa y socios<\/h3>\t\t\t\t<\/div>\n\t\t\t\t<div class=\"elementor-element elementor-element-a555d26 elementor-widget-divider--view-line elementor-widget elementor-widget-divider\" data-id=\"a555d26\" data-element_type=\"widget\" data-e-type=\"widget\" data-widget_type=\"divider.default\">\n\t\t\t\t\t\t\t<div class=\"elementor-divider\">\n\t\t\t<span class=\"elementor-divider-separator\">\n\t\t\t\t\t\t<\/span>\n\t\t<\/div>\n\t\t\t\t\t\t<\/div>\n\t\t\t\t<div class=\"elementor-element elementor-element-0e35c93 elementor-widget elementor-widget-text-editor\" data-id=\"0e35c93\" data-element_type=\"widget\" data-e-type=\"widget\" data-widget_type=\"text-editor.default\">\n\t\t\t\t\t\t\t\t\t<p><span style=\"font-weight: 400;\">Parque das Aves establece una relaci\u00f3n activa y estrat\u00e9gica con la prensa, socios e influencers, reforzando la difusi\u00f3n de informaci\u00f3n sobre conservaci\u00f3n, biodiversidad y turismo responsable. Valoramos el periodismo y la creaci\u00f3n de contenido como aliados en la construcci\u00f3n de una narrativa coherente sobre la Mata Atl\u00e1ntica y sus desaf\u00edos, trabajando de forma colaborativa para ampliar el alcance de estos temas.<\/span><\/p><p><span style=\"font-weight: 400;\">Como instituci\u00f3n dedicada a la conservaci\u00f3n de especies de la Mata Atl\u00e1ntica, colaboramos con temas, entrevistas, producci\u00f3n de contenidos, env\u00edo de materiales oficiales, datos institucionales y aclaraciones sobre nuestros proyectos, acciones y posicionamientos.<\/span><\/p><p><span style=\"font-weight: 400;\">Nuestro equipo de Relaciones y Negocios est\u00e1 preparado para atender a profesionales de la comunicaci\u00f3n, creadores de contenido y socios con agilidad, responsabilidad e informaci\u00f3n actualizada.<\/span><\/p><p><span style=\"font-weight: 400;\">Para solicitudes de prensa, propuestas de colaboraci\u00f3n, visitas t\u00e9cnicas, producci\u00f3n de contenido u otras necesidades, env\u00eda un correo electr\u00f3nico a atendimento@parquedasaves.com.br.<\/span><\/p>\t\t\t\t\t\t\t\t<\/div>\n\t\t\t\t\t<\/div>\n\t\t\t\t<\/div>\n\t\t<div class=\"elementor-element elementor-element-07a4c6d e-flex e-con-boxed e-con e-parent\" data-id=\"07a4c6d\" data-element_type=\"container\" data-e-type=\"container\">\n\t\t\t\t\t<div class=\"e-con-inner\">\n\t\t\t\t<div class=\"elementor-element elementor-element-ccd745f elementor-widget elementor-widget-heading\" data-id=\"ccd745f\" data-element_type=\"widget\" data-e-type=\"widget\" data-widget_type=\"heading.default\">\n\t\t\t\t\t<h3 class=\"elementor-heading-title elementor-size-default\">Contenidos exclusivos<\/h3>\t\t\t\t<\/div>\n\t\t\t\t<div class=\"elementor-element elementor-element-59bb0fe elementor-widget-divider--view-line elementor-widget elementor-widget-divider\" data-id=\"59bb0fe\" data-element_type=\"widget\" data-e-type=\"widget\" data-widget_type=\"divider.default\">\n\t\t\t\t\t\t\t<div class=\"elementor-divider\">\n\t\t\t<span class=\"elementor-divider-separator\">\n\t\t\t\t\t\t<\/span>\n\t\t<\/div>\n\t\t\t\t\t\t<\/div>\n\t\t\t\t\t<\/div>\n\t\t\t\t<\/div>\n\t\t<div class=\"elementor-element elementor-element-8ce51a5 e-flex e-con-boxed e-con e-parent\" data-id=\"8ce51a5\" data-element_type=\"container\" data-e-type=\"container\">\n\t\t\t\t\t<div class=\"e-con-inner\">\n\t\t<div class=\"elementor-element elementor-element-b7bd11f e-con-full e-flex e-con e-child\" data-id=\"b7bd11f\" data-element_type=\"container\" data-e-type=\"container\">\n\t\t<div data-premium-element-link=\"{&quot;type&quot;:&quot;url&quot;,&quot;link&quot;:{&quot;url&quot;:&quot;https:\\\/\\\/www.parquedasaves.com.br\\\/imprensa-e-parceiros\\\/&quot;,&quot;is_external&quot;:&quot;on&quot;,&quot;nofollow&quot;:&quot;&quot;,&quot;custom_attributes&quot;:&quot;&quot;},&quot;href&quot;:&quot;https:\\\/\\\/www.parquedasaves.com.br\\\/imprensa-e-parceiros\\\/&quot;}\" style=\"cursor: pointer\" class=\"ewpda-hover-animated elementor-element elementor-element-7839276 e-con-full premium-wrapper-link-yes ewpda-hover-bob e-flex e-con e-child\" data-id=\"7839276\" data-element_type=\"container\" data-e-type=\"container\">\n\t\t\t\t<div class=\"elementor-element elementor-element-67d0b68 elementor-vertical-align-middle elementor-position-left elementor-widget elementor-widget-image-box\" data-id=\"67d0b68\" data-element_type=\"widget\" data-e-type=\"widget\" data-widget_type=\"image-box.default\">\n\t\t\t\t\t<div class=\"elementor-image-box-wrapper\"><figure class=\"elementor-image-box-img\"><a href=\"https:\/\/drive.google.com\/drive\/folders\/1JKlB4GXaQ__mBfaN0aO45YSKWFIROY9a?usp=drive_link%20\" target=\"_blank\" tabindex=\"-1\" rel=\"noopener\"><img decoding=\"async\" width=\"134\" height=\"138\" src=\"https:\/\/www.parquedasaves.com.br\/wp-content\/uploads\/2026\/01\/icon-download.png\" class=\"attachment-full size-full wp-image-9266\" alt=\"\" \/><\/a><\/figure><div class=\"elementor-image-box-content\"><p class=\"elementor-image-box-description\">Medios institucionales\n<\/p><\/div><\/div>\t\t\t\t<\/div>\n\t\t\t\t<\/div>\n\t\t\t\t<\/div>\n\t\t<div class=\"elementor-element elementor-element-99b920c e-con-full e-flex e-con e-child\" data-id=\"99b920c\" data-element_type=\"container\" data-e-type=\"container\">\n\t\t<div data-premium-element-link=\"{&quot;type&quot;:&quot;url&quot;,&quot;link&quot;:{&quot;url&quot;:&quot;https:\\\/\\\/www.parquedasaves.com.br\\\/imprensa-e-parceiros\\\/&quot;,&quot;is_external&quot;:&quot;on&quot;,&quot;nofollow&quot;:&quot;&quot;,&quot;custom_attributes&quot;:&quot;&quot;},&quot;href&quot;:&quot;https:\\\/\\\/www.parquedasaves.com.br\\\/imprensa-e-parceiros\\\/&quot;}\" style=\"cursor: pointer\" class=\"ewpda-hover-animated elementor-element elementor-element-e781c66 e-con-full ewpda-hover-bob premium-wrapper-link-yes e-flex e-con e-child\" data-id=\"e781c66\" data-element_type=\"container\" data-e-type=\"container\">\n\t\t\t\t<div class=\"elementor-element elementor-element-370625c elementor-vertical-align-middle elementor-position-left elementor-widget elementor-widget-image-box\" data-id=\"370625c\" data-element_type=\"widget\" data-e-type=\"widget\" data-widget_type=\"image-box.default\">\n\t\t\t\t\t<div class=\"elementor-image-box-wrapper\"><figure class=\"elementor-image-box-img\"><a href=\"https:\/\/drive.google.com\/drive\/folders\/1ha7_n9zVJIQxy9dZQ5EFLnncZyevM_Eu?usp=drive_link\" target=\"_blank\" tabindex=\"-1\" rel=\"noopener\"><img decoding=\"async\" width=\"134\" height=\"138\" src=\"https:\/\/www.parquedasaves.com.br\/wp-content\/uploads\/2026\/01\/icon-download.png\" class=\"attachment-full size-full wp-image-9266\" alt=\"\" \/><\/a><\/figure><div class=\"elementor-image-box-content\"><p class=\"elementor-image-box-description\">Comunicado de prensa<\/p><\/div><\/div>\t\t\t\t<\/div>\n\t\t\t\t<\/div>\n\t\t\t\t<\/div>\n\t\t<div class=\"elementor-element elementor-element-ef75d4c e-con-full e-flex e-con e-child\" data-id=\"ef75d4c\" data-element_type=\"container\" data-e-type=\"container\">\n\t\t<div data-premium-element-link=\"{&quot;type&quot;:&quot;url&quot;,&quot;link&quot;:{&quot;url&quot;:&quot;https:\\\/\\\/www.parquedasaves.com.br\\\/imprensa-e-parceiros\\\/&quot;,&quot;is_external&quot;:&quot;on&quot;,&quot;nofollow&quot;:&quot;&quot;,&quot;custom_attributes&quot;:&quot;&quot;},&quot;href&quot;:&quot;https:\\\/\\\/www.parquedasaves.com.br\\\/imprensa-e-parceiros\\\/&quot;}\" style=\"cursor: pointer\" class=\"ewpda-hover-animated elementor-element elementor-element-6b1a2ae e-con-full ewpda-hover-bob premium-wrapper-link-yes e-flex e-con e-child\" data-id=\"6b1a2ae\" data-element_type=\"container\" data-e-type=\"container\">\n\t\t\t\t<div class=\"elementor-element elementor-element-8aa1166 elementor-vertical-align-middle elementor-position-left elementor-widget elementor-widget-image-box\" data-id=\"8aa1166\" data-element_type=\"widget\" data-e-type=\"widget\" data-widget_type=\"image-box.default\">\n\t\t\t\t\t<div class=\"elementor-image-box-wrapper\"><figure class=\"elementor-image-box-img\"><a href=\"https:\/\/drive.google.com\/drive\/folders\/1AhoAsg3LdAKqsL74SuVryjWLnvSjrPZ9?usp=drive_link\" target=\"_blank\" tabindex=\"-1\" rel=\"noopener\"><img decoding=\"async\" width=\"134\" height=\"138\" src=\"https:\/\/www.parquedasaves.com.br\/wp-content\/uploads\/2026\/01\/icon-download.png\" class=\"attachment-full size-full wp-image-9266\" alt=\"\" \/><\/a><\/figure><div class=\"elementor-image-box-content\"><p class=\"elementor-image-box-description\">Marca oficial Parque das Aves<\/p><\/div><\/div>\t\t\t\t<\/div>\n\t\t\t\t<\/div>\n\t\t\t\t<\/div>\n\t\t\t\t\t<\/div>\n\t\t\t\t<\/div>\n\t\t<div class=\"elementor-element elementor-element-414e96d e-flex e-con-boxed e-con e-parent\" data-id=\"414e96d\" data-element_type=\"container\" data-e-type=\"container\">\n\t\t\t\t\t<div class=\"e-con-inner\">\n\t\t\t\t<div class=\"elementor-element elementor-element-6729a25 elementor-widget elementor-widget-heading\" data-id=\"6729a25\" data-element_type=\"widget\" data-e-type=\"widget\" data-widget_type=\"heading.default\">\n\t\t\t\t\t<h3 class=\"elementor-heading-title elementor-size-default\">Redes sociales<\/h3>\t\t\t\t<\/div>\n\t\t\t\t<div class=\"elementor-element elementor-element-4a649b9 elementor-widget-divider--view-line elementor-widget elementor-widget-divider\" data-id=\"4a649b9\" data-element_type=\"widget\" data-e-type=\"widget\" data-widget_type=\"divider.default\">\n\t\t\t\t\t\t\t<div class=\"elementor-divider\">\n\t\t\t<span class=\"elementor-divider-separator\">\n\t\t\t\t\t\t<\/span>\n\t\t<\/div>\n\t\t\t\t\t\t<\/div>\n\t\t\t\t<div class=\"elementor-element elementor-element-120dbd8 e-grid-align-left elementor-shape-rounded elementor-grid-0 elementor-widget elementor-widget-social-icons\" data-id=\"120dbd8\" data-element_type=\"widget\" data-e-type=\"widget\" data-widget_type=\"social-icons.default\">\n\t\t\t\t\t\t\t<div class=\"elementor-social-icons-wrapper elementor-grid\" role=\"list\">\n\t\t\t\t\t\t\t<span class=\"elementor-grid-item\" role=\"listitem\">\n\t\t\t\t\t<a class=\"elementor-icon elementor-social-icon elementor-social-icon-instagram elementor-repeater-item-b26f97d\" href=\"http:\/\/instagram.com\/parquedasaves\" target=\"_blank\" rel=\"noopener\">\n\t\t\t\t\t\t<span class=\"elementor-screen-only\">Instagram<\/span>\n\t\t\t\t\t\t<svg aria-hidden=\"true\" class=\"e-font-icon-svg e-fab-instagram\" viewBox=\"0 0 448 512\" xmlns=\"http:\/\/www.w3.org\/2000\/svg\"><path d=\"M224.1 141c-63.6 0-114.9 51.3-114.9 114.9s51.3 114.9 114.9 114.9S339 319.5 339 255.9 287.7 141 224.1 141zm0 189.6c-41.1 0-74.7-33.5-74.7-74.7s33.5-74.7 74.7-74.7 74.7 33.5 74.7 74.7-33.6 74.7-74.7 74.7zm146.4-194.3c0 14.9-12 26.8-26.8 26.8-14.9 0-26.8-12-26.8-26.8s12-26.8 26.8-26.8 26.8 12 26.8 26.8zm76.1 27.2c-1.7-35.9-9.9-67.7-36.2-93.9-26.2-26.2-58-34.4-93.9-36.2-37-2.1-147.9-2.1-184.9 0-35.8 1.7-67.6 9.9-93.9 36.1s-34.4 58-36.2 93.9c-2.1 37-2.1 147.9 0 184.9 1.7 35.9 9.9 67.7 36.2 93.9s58 34.4 93.9 36.2c37 2.1 147.9 2.1 184.9 0 35.9-1.7 67.7-9.9 93.9-36.2 26.2-26.2 34.4-58 36.2-93.9 2.1-37 2.1-147.8 0-184.8zM398.8 388c-7.8 19.6-22.9 34.7-42.6 42.6-29.5 11.7-99.5 9-132.1 9s-102.7 2.6-132.1-9c-19.6-7.8-34.7-22.9-42.6-42.6-11.7-29.5-9-99.5-9-132.1s-2.6-102.7 9-132.1c7.8-19.6 22.9-34.7 42.6-42.6 29.5-11.7 99.5-9 132.1-9s102.7-2.6 132.1 9c19.6 7.8 34.7 22.9 42.6 42.6 11.7 29.5 9 99.5 9 132.1s2.7 102.7-9 132.1z\"><\/path><\/svg>\t\t\t\t\t<\/a>\n\t\t\t\t<\/span>\n\t\t\t\t\t\t\t<span class=\"elementor-grid-item\" role=\"listitem\">\n\t\t\t\t\t<a class=\"elementor-icon elementor-social-icon elementor-social-icon-tiktok elementor-repeater-item-9ec336a\" href=\"https:\/\/www.tiktok.com\/@parquedasaves\" target=\"_blank\" rel=\"noopener\">\n\t\t\t\t\t\t<span class=\"elementor-screen-only\">Tiktok<\/span>\n\t\t\t\t\t\t<svg aria-hidden=\"true\" class=\"e-font-icon-svg e-fab-tiktok\" viewBox=\"0 0 448 512\" xmlns=\"http:\/\/www.w3.org\/2000\/svg\"><path d=\"M448,209.91a210.06,210.06,0,0,1-122.77-39.25V349.38A162.55,162.55,0,1,1,185,188.31V278.2a74.62,74.62,0,1,0,52.23,71.18V0l88,0a121.18,121.18,0,0,0,1.86,22.17h0A122.18,122.18,0,0,0,381,102.39a121.43,121.43,0,0,0,67,20.14Z\"><\/path><\/svg>\t\t\t\t\t<\/a>\n\t\t\t\t<\/span>\n\t\t\t\t\t\t\t<span class=\"elementor-grid-item\" role=\"listitem\">\n\t\t\t\t\t<a class=\"elementor-icon elementor-social-icon elementor-social-icon-facebook elementor-repeater-item-e5ad96d\" href=\"https:\/\/www.facebook.com\/parquedasaves\/\" target=\"_blank\" rel=\"noopener\">\n\t\t\t\t\t\t<span class=\"elementor-screen-only\">Facebook<\/span>\n\t\t\t\t\t\t<svg aria-hidden=\"true\" class=\"e-font-icon-svg e-fab-facebook\" viewBox=\"0 0 512 512\" xmlns=\"http:\/\/www.w3.org\/2000\/svg\"><path d=\"M504 256C504 119 393 8 256 8S8 119 8 256c0 123.78 90.69 226.38 209.25 245V327.69h-63V256h63v-54.64c0-62.15 37-96.48 93.67-96.48 27.14 0 55.52 4.84 55.52 4.84v61h-31.28c-30.8 0-40.41 19.12-40.41 38.73V256h68.78l-11 71.69h-57.78V501C413.31 482.38 504 379.78 504 256z\"><\/path><\/svg>\t\t\t\t\t<\/a>\n\t\t\t\t<\/span>\n\t\t\t\t\t\t\t<span class=\"elementor-grid-item\" role=\"listitem\">\n\t\t\t\t\t<a class=\"elementor-icon elementor-social-icon elementor-social-icon-linkedin elementor-repeater-item-3d1955f\" href=\"https:\/\/br.linkedin.com\/company\/parquedasaves\" target=\"_blank\" rel=\"noopener\">\n\t\t\t\t\t\t<span class=\"elementor-screen-only\">Linkedin<\/span>\n\t\t\t\t\t\t<svg aria-hidden=\"true\" class=\"e-font-icon-svg e-fab-linkedin\" viewBox=\"0 0 448 512\" xmlns=\"http:\/\/www.w3.org\/2000\/svg\"><path d=\"M416 32H31.9C14.3 32 0 46.5 0 64.3v383.4C0 465.5 14.3 480 31.9 480H416c17.6 0 32-14.5 32-32.3V64.3c0-17.8-14.4-32.3-32-32.3zM135.4 416H69V202.2h66.5V416zm-33.2-243c-21.3 0-38.5-17.3-38.5-38.5S80.9 96 102.2 96c21.2 0 38.5 17.3 38.5 38.5 0 21.3-17.2 38.5-38.5 38.5zm282.1 243h-66.4V312c0-24.8-.5-56.7-34.5-56.7-34.6 0-39.9 27-39.9 54.9V416h-66.4V202.2h63.7v29.2h.9c8.9-16.8 30.6-34.5 62.9-34.5 67.2 0 79.7 44.3 79.7 101.9V416z\"><\/path><\/svg>\t\t\t\t\t<\/a>\n\t\t\t\t<\/span>\n\t\t\t\t\t\t\t<span class=\"elementor-grid-item\" role=\"listitem\">\n\t\t\t\t\t<a class=\"elementor-icon elementor-social-icon elementor-social-icon-youtube elementor-repeater-item-d7180a6\" href=\"https:\/\/www.youtube.com\/user\/PARQUEDASAVES\" target=\"_blank\" rel=\"noopener\">\n\t\t\t\t\t\t<span class=\"elementor-screen-only\">Youtube<\/span>\n\t\t\t\t\t\t<svg aria-hidden=\"true\" class=\"e-font-icon-svg e-fab-youtube\" viewBox=\"0 0 576 512\" xmlns=\"http:\/\/www.w3.org\/2000\/svg\"><path d=\"M549.655 124.083c-6.281-23.65-24.787-42.276-48.284-48.597C458.781 64 288 64 288 64S117.22 64 74.629 75.486c-23.497 6.322-42.003 24.947-48.284 48.597-11.412 42.867-11.412 132.305-11.412 132.305s0 89.438 11.412 132.305c6.281 23.65 24.787 41.5 48.284 47.821C117.22 448 288 448 288 448s170.78 0 213.371-11.486c23.497-6.321 42.003-24.171 48.284-47.821 11.412-42.867 11.412-132.305 11.412-132.305s0-89.438-11.412-132.305zm-317.51 213.508V175.185l142.739 81.205-142.739 81.201z\"><\/path><\/svg>\t\t\t\t\t<\/a>\n\t\t\t\t<\/span>\n\t\t\t\t\t<\/div>\n\t\t\t\t\t\t<\/div>\n\t\t\t\t\t<\/div>\n\t\t\t\t<\/div>\n\t\t<div class=\"elementor-element elementor-element-67430e6 e-flex e-con-boxed e-con e-parent\" data-id=\"67430e6\" data-element_type=\"container\" data-e-type=\"container\" data-settings=\"{&quot;background_background&quot;:&quot;classic&quot;}\">\n\t\t\t\t\t<div class=\"e-con-inner\">\n\t\t\t\t\t<\/div>\n\t\t\t\t<\/div>\n\t\t<div class=\"elementor-element elementor-element-f6ee295 e-flex e-con-boxed e-con e-parent\" data-id=\"f6ee295\" data-element_type=\"container\" data-e-type=\"container\">\n\t\t\t\t\t<div class=\"e-con-inner\">\n\t\t\t\t<div class=\"elementor-element elementor-element-26afb35 elementor-widget elementor-widget-text-editor\" data-id=\"26afb35\" data-element_type=\"widget\" data-e-type=\"widget\" data-widget_type=\"text-editor.default\">\n\t\t\t\t\t\t\t\t\t<p>M\u00e1s informaci\u00f3n:<\/p>\t\t\t\t\t\t\t\t<\/div>\n\t\t\t\t<div class=\"elementor-element elementor-element-356d641 elementor-nav-menu__align-start elementor-nav-menu--dropdown-none menuspaginasinternas elementor-widget elementor-widget-nav-menu\" data-id=\"356d641\" data-element_type=\"widget\" data-e-type=\"widget\" data-settings=\"{&quot;layout&quot;:&quot;horizontal&quot;,&quot;submenu_icon&quot;:{&quot;value&quot;:&quot;&lt;svg aria-hidden=\\&quot;true\\&quot; class=\\&quot;e-font-icon-svg e-fas-caret-down\\&quot; viewBox=\\&quot;0 0 320 512\\&quot; xmlns=\\&quot;http:\\\/\\\/www.w3.org\\\/2000\\\/svg\\&quot;&gt;&lt;path d=\\&quot;M31.3 192h257.3c17.8 0 26.7 21.5 14.1 34.1L174.1 354.8c-7.8 7.8-20.5 7.8-28.3 0L17.2 226.1C4.6 213.5 13.5 192 31.3 192z\\&quot;&gt;&lt;\\\/path&gt;&lt;\\\/svg&gt;&quot;,&quot;library&quot;:&quot;fa-solid&quot;}}\" data-widget_type=\"nav-menu.default\">\n\t\t\t\t\t\t\t\t<nav aria-label=\"Menu\" class=\"elementor-nav-menu--main elementor-nav-menu__container elementor-nav-menu--layout-horizontal e--pointer-underline e--animation-fade\">\n\t\t\t\t<ul id=\"menu-1-356d641\" class=\"elementor-nav-menu\"><li class=\"menu-item menu-item-type-post_type menu-item-object-page menu-item-9741\"><a href=\"https:\/\/www.parquedasaves.com.br\/es\/accesibilidad\/\" class=\"elementor-item\">Accesibilidad<\/a><\/li>\n<li class=\"menu-item menu-item-type-post_type menu-item-object-page menu-item-9742\"><a href=\"https:\/\/www.parquedasaves.com.br\/es\/prensa-y-socios\/\" class=\"elementor-item\">Prensa y socios<\/a><\/li>\n<li class=\"menu-item menu-item-type-post_type menu-item-object-page menu-item-9743\"><a href=\"https:\/\/www.parquedasaves.com.br\/es\/alianzas-comerciales\/\" class=\"elementor-item\">Alianzas comerciales<\/a><\/li>\n<li class=\"menu-item menu-item-type-post_type menu-item-object-page menu-item-9744\"><a href=\"https:\/\/www.parquedasaves.com.br\/es\/politica-de-cookies\/\" class=\"elementor-item\">Pol\u00edtica de Cookies<\/a><\/li>\n<li class=\"menu-item menu-item-type-post_type menu-item-object-page menu-item-9745\"><a href=\"https:\/\/www.parquedasaves.com.br\/es\/politica-de-privacidad\/\" class=\"elementor-item\">Pol\u00edtica de privacidad<\/a><\/li>\n<\/ul>\t\t\t<\/nav>\n\t\t\t\t\t\t<nav class=\"elementor-nav-menu--dropdown elementor-nav-menu__container\" aria-hidden=\"true\">\n\t\t\t\t<ul id=\"menu-2-356d641\" class=\"elementor-nav-menu\"><li class=\"menu-item menu-item-type-post_type menu-item-object-page menu-item-9741\"><a href=\"https:\/\/www.parquedasaves.com.br\/es\/accesibilidad\/\" class=\"elementor-item\" tabindex=\"-1\">Accesibilidad<\/a><\/li>\n<li class=\"menu-item menu-item-type-post_type menu-item-object-page menu-item-9742\"><a href=\"https:\/\/www.parquedasaves.com.br\/es\/prensa-y-socios\/\" class=\"elementor-item\" tabindex=\"-1\">Prensa y socios<\/a><\/li>\n<li class=\"menu-item menu-item-type-post_type menu-item-object-page menu-item-9743\"><a href=\"https:\/\/www.parquedasaves.com.br\/es\/alianzas-comerciales\/\" class=\"elementor-item\" tabindex=\"-1\">Alianzas comerciales<\/a><\/li>\n<li class=\"menu-item menu-item-type-post_type menu-item-object-page menu-item-9744\"><a href=\"https:\/\/www.parquedasaves.com.br\/es\/politica-de-cookies\/\" class=\"elementor-item\" tabindex=\"-1\">Pol\u00edtica de Cookies<\/a><\/li>\n<li class=\"menu-item menu-item-type-post_type menu-item-object-page menu-item-9745\"><a href=\"https:\/\/www.parquedasaves.com.br\/es\/politica-de-privacidad\/\" class=\"elementor-item\" tabindex=\"-1\">Pol\u00edtica de privacidad<\/a><\/li>\n<\/ul>\t\t\t<\/nav>\n\t\t\t\t\t\t<\/div>\n\t\t\t\t\t<\/div>\n\t\t\t\t<\/div>\n\t\t\t\t<\/div>\n\t\t","protected":false},"excerpt":{"rendered":"<p>Prensa y socios Parque das Aves establece una relaci\u00f3n activa y estrat\u00e9gica con la prensa, socios e influencers, reforzando la difusi\u00f3n de informaci\u00f3n sobre conservaci\u00f3n, biodiversidad y turismo responsable. Valoramos el periodismo y la creaci\u00f3n de contenido como aliados en la construcci\u00f3n de una narrativa coherente sobre la Mata Atl\u00e1ntica y sus desaf\u00edos, trabajando de [&hellip;]<\/p>\n","protected":false},"author":1,"featured_media":8985,"parent":0,"menu_order":0,"comment_status":"closed","ping_status":"closed","template":"","meta":{"footnotes":""},"class_list":["post-9265","page","type-page","status-publish","has-post-thumbnail","hentry"],"_links":{"self":[{"href":"https:\/\/www.parquedasaves.com.br\/es\/wp-json\/wp\/v2\/pages\/9265","targetHints":{"allow":["GET"]}}],"collection":[{"href":"https:\/\/www.parquedasaves.com.br\/es\/wp-json\/wp\/v2\/pages"}],"about":[{"href":"https:\/\/www.parquedasaves.com.br\/es\/wp-json\/wp\/v2\/types\/page"}],"author":[{"embeddable":true,"href":"https:\/\/www.parquedasaves.com.br\/es\/wp-json\/wp\/v2\/users\/1"}],"replies":[{"embeddable":true,"href":"https:\/\/www.parquedasaves.com.br\/es\/wp-json\/wp\/v2\/comments?post=9265"}],"version-history":[{"count":1,"href":"https:\/\/www.parquedasaves.com.br\/es\/wp-json\/wp\/v2\/pages\/9265\/revisions"}],"predecessor-version":[{"id":9268,"href":"https:\/\/www.parquedasaves.com.br\/es\/wp-json\/wp\/v2\/pages\/9265\/revisions\/9268"}],"wp:featuredmedia":[{"embeddable":true,"href":"https:\/\/www.parquedasaves.com.br\/es\/wp-json\/wp\/v2\/media\/8985"}],"wp:attachment":[{"href":"https:\/\/www.parquedasaves.com.br\/es\/wp-json\/wp\/v2\/media?parent=9265"}],"curies":[{"name":"wp","href":"https:\/\/api.w.org\/{rel}","templated":true}]}}