{"id":9033,"date":"2026-01-30T19:03:57","date_gmt":"2026-01-30T22:03:57","guid":{"rendered":"https:\/\/www.parquedasaves.com.br\/contacto\/"},"modified":"2026-03-04T03:03:17","modified_gmt":"2026-03-04T06:03:17","slug":"contacto","status":"publish","type":"page","link":"https:\/\/www.parquedasaves.com.br\/es\/contacto\/","title":{"rendered":"Contacto"},"content":{"rendered":"\t\t<div data-elementor-type=\"wp-page\" data-elementor-id=\"9033\" class=\"elementor elementor-9033 elementor-6194\" data-elementor-post-type=\"page\">\n\t\t\t\t<div class=\"premium-parallax-section-hide elementor-element elementor-element-80bd40d e-con-full premium-parallax-yes imagenstopom e-flex e-con e-parent\" data-pa-parallax=\"{&quot;type&quot;:&quot;scroll&quot;,&quot;speed&quot;:&quot;&quot;,&quot;android&quot;:0,&quot;ios&quot;:0,&quot;size&quot;:&quot;cover&quot;,&quot;repeat&quot;:&quot;no-repeat&quot;}\" data-id=\"80bd40d\" data-element_type=\"container\" data-e-type=\"container\" data-settings=\"{&quot;background_background&quot;:&quot;classic&quot;}\">\n\t\t\t\t<\/div>\n\t\t<div class=\"elementor-element elementor-element-f9811cf e-con-full e-flex e-con e-parent\" data-id=\"f9811cf\" data-element_type=\"container\" data-e-type=\"container\">\n\t\t\t\t<div class=\"elementor-element elementor-element-186ebe8 elementor-widget elementor-widget-shortcode\" data-id=\"186ebe8\" data-element_type=\"widget\" data-e-type=\"widget\" data-widget_type=\"shortcode.default\">\n\t\t\t\t\t\t\t<div class=\"elementor-shortcode\">\t\t<div data-elementor-type=\"section\" data-elementor-id=\"9622\" class=\"elementor elementor-9622 elementor-8238 elementor-8238\" data-elementor-post-type=\"elementor_library\">\n\t\t\t<div class=\"elementor-element elementor-element-ceabd4f e-flex e-con-boxed e-con e-parent\" data-id=\"ceabd4f\" data-element_type=\"container\" data-e-type=\"container\">\n\t\t\t\t\t<div class=\"e-con-inner\">\n\t\t\t\t<div class=\"elementor-element elementor-element-32a9521 elementor-widget elementor-widget-shortcode\" data-id=\"32a9521\" data-element_type=\"widget\" data-e-type=\"widget\" data-widget_type=\"shortcode.default\">\n\t\t\t\t\t\t\t<div class=\"elementor-shortcode\"><nav aria-label=\"breadcrumbs\" class=\"rank-math-breadcrumb\"><p><span class=\"last\">Home<\/span><\/p><\/nav><\/div>\n\t\t\t\t\t\t<\/div>\n\t\t\t\t\t<\/div>\n\t\t\t\t<\/div>\n\t\t\t\t<\/div>\n\t\t<\/div>\n\t\t\t\t\t\t<\/div>\n\t\t\t\t<\/div>\n\t\t<div class=\"elementor-element elementor-element-d2c6eee e-flex e-con-boxed e-con e-parent\" data-id=\"d2c6eee\" data-element_type=\"container\" data-e-type=\"container\">\n\t\t\t\t\t<div class=\"e-con-inner\">\n\t\t<div class=\"elementor-element elementor-element-3341235 e-con-full e-flex e-con e-child\" data-id=\"3341235\" data-element_type=\"container\" data-e-type=\"container\">\n\t\t\t\t<div class=\"elementor-element elementor-element-155d53e elementor-widget elementor-widget-heading\" data-id=\"155d53e\" data-element_type=\"widget\" data-e-type=\"widget\" data-widget_type=\"heading.default\">\n\t\t\t\t\t<h3 class=\"elementor-heading-title elementor-size-default\">Contacto<\/h3>\t\t\t\t<\/div>\n\t\t\t\t<div class=\"elementor-element elementor-element-a555d26 elementor-widget-divider--view-line elementor-widget elementor-widget-divider\" data-id=\"a555d26\" data-element_type=\"widget\" data-e-type=\"widget\" data-widget_type=\"divider.default\">\n\t\t\t\t\t\t\t<div class=\"elementor-divider\">\n\t\t\t<span class=\"elementor-divider-separator\">\n\t\t\t\t\t\t<\/span>\n\t\t<\/div>\n\t\t\t\t\t\t<\/div>\n\t\t\t\t<div class=\"elementor-element elementor-element-56d4e9d elementor-widget elementor-widget-text-editor\" data-id=\"56d4e9d\" data-element_type=\"widget\" data-e-type=\"widget\" data-widget_type=\"text-editor.default\">\n\t\t\t\t\t\t\t\t\t<p><b>Habla con el Parque das Aves<\/b><\/p><p> <\/p><p><span style=\"font-weight: 400;\">Si necesitas informaci\u00f3n sobre la visita, entradas, experiencias o servicios, nuestro equipo est\u00e1 listo para ayudarte. Para una respuesta m\u00e1s r\u00e1pida, te recomendamos consultar primero la p\u00e1gina de Preguntas frecuentes (FAQ), donde reunimos las dudas m\u00e1s habituales de los visitantes.<\/span><\/p><p> <\/p><p><span style=\"font-weight: 400;\">Si aun as\u00ed necesitas hablar con nosotros, utiliza a continuaci\u00f3n los canales de atenci\u00f3n m\u00e1s adecuados para cada tipo de solicitud. As\u00ed podremos dirigir tu mensaje con mayor agilidad y ofrecerte el mejor soporte posible.<\/span><\/p>\t\t\t\t\t\t\t\t<\/div>\n\t\t\t\t<div class=\"elementor-element elementor-element-e452e85 elementor-align-justify elementor-widget elementor-widget-button\" data-id=\"e452e85\" data-element_type=\"widget\" data-e-type=\"widget\" data-widget_type=\"button.default\">\n\t\t\t\t\t\t\t\t\t\t<a class=\"elementor-button elementor-button-link elementor-size-sm elementor-animation-bob\" href=\"https:\/\/www.parquedasaves.com.br\/es\/preguntas-frecuentes\/\" target=\"_blank\">\n\t\t\t\t\t\t<span class=\"elementor-button-content-wrapper\">\n\t\t\t\t\t\t\t\t\t<span class=\"elementor-button-text\">Preguntas frecuentes<\/span>\n\t\t\t\t\t<\/span>\n\t\t\t\t\t<\/a>\n\t\t\t\t\t\t\t\t<\/div>\n\t\t\t\t<\/div>\n\t\t\t\t\t<\/div>\n\t\t\t\t<\/div>\n\t\t<div class=\"elementor-element elementor-element-cfecb60 e-flex e-con-boxed e-con e-parent\" data-id=\"cfecb60\" data-element_type=\"container\" data-e-type=\"container\">\n\t\t\t\t\t<div class=\"e-con-inner\">\n\t\t<div class=\"elementor-element elementor-element-db31c3d e-con-full e-flex e-con e-child\" data-id=\"db31c3d\" data-element_type=\"container\" data-e-type=\"container\">\n\t\t<div class=\"elementor-element elementor-element-d1870d7 e-con-full e-flex e-con e-child\" data-id=\"d1870d7\" data-element_type=\"container\" data-e-type=\"container\">\n\t\t\t\t<div class=\"elementor-element elementor-element-735e7bb elementor-position-left elementor-vertical-align-middle elementor-widget elementor-widget-image-box\" data-id=\"735e7bb\" data-element_type=\"widget\" data-e-type=\"widget\" data-widget_type=\"image-box.default\">\n\t\t\t\t\t<div class=\"elementor-image-box-wrapper\"><figure class=\"elementor-image-box-img\"><img decoding=\"async\" width=\"140\" height=\"140\" src=\"https:\/\/www.parquedasaves.com.br\/wp-content\/uploads\/2026\/01\/icone-contato.png\" class=\"attachment-full size-full wp-image-9001\" alt=\"\" \/><\/figure><div class=\"elementor-image-box-content\"><h6 class=\"elementor-image-box-title\">+55 45 3529-8282<\/h6><\/div><\/div>\t\t\t\t<\/div>\n\t\t\t\t<\/div>\n\t\t\t\t<\/div>\n\t\t<div data-premium-element-link=\"{&quot;type&quot;:&quot;url&quot;,&quot;link&quot;:{&quot;url&quot;:&quot;mailto:atendimento@parquedasaves.com.br&quot;,&quot;is_external&quot;:&quot;&quot;,&quot;nofollow&quot;:&quot;&quot;,&quot;custom_attributes&quot;:&quot;&quot;},&quot;href&quot;:&quot;mailto:atendimento@parquedasaves.com.br&quot;}\" style=\"cursor: pointer\" class=\"elementor-element elementor-element-af43c08 e-con-full premium-wrapper-link-yes e-flex e-con e-child\" data-id=\"af43c08\" data-element_type=\"container\" data-e-type=\"container\">\n\t\t<div class=\"elementor-element elementor-element-00ff749 e-con-full e-flex e-con e-child\" data-id=\"00ff749\" data-element_type=\"container\" data-e-type=\"container\">\n\t\t\t\t<div class=\"elementor-element elementor-element-3f34f81 elementor-position-left elementor-vertical-align-middle elementor-widget elementor-widget-image-box\" data-id=\"3f34f81\" data-element_type=\"widget\" data-e-type=\"widget\" data-widget_type=\"image-box.default\">\n\t\t\t\t\t<div class=\"elementor-image-box-wrapper\"><figure class=\"elementor-image-box-img\"><a href=\"mailto:atendimento@parquedasaves.com.br\" tabindex=\"-1\"><img decoding=\"async\" width=\"188\" height=\"122\" src=\"https:\/\/www.parquedasaves.com.br\/wp-content\/uploads\/2026\/01\/icone-email.png\" class=\"attachment-full size-full wp-image-9002\" alt=\"\" \/><\/a><\/figure><div class=\"elementor-image-box-content\"><h6 class=\"elementor-image-box-title\"><a href=\"mailto:atendimento@parquedasaves.com.br\">atendimento@parquedasaves.com.br<\/a><\/h6><\/div><\/div>\t\t\t\t<\/div>\n\t\t\t\t<\/div>\n\t\t\t\t<\/div>\n\t\t\t\t\t<\/div>\n\t\t\t\t<\/div>\n\t\t<div class=\"elementor-element elementor-element-0f59d6f e-flex e-con-boxed e-con e-parent\" data-id=\"0f59d6f\" data-element_type=\"container\" data-e-type=\"container\">\n\t\t\t\t\t<div class=\"e-con-inner\">\n\t\t\t\t<div class=\"elementor-element elementor-element-dc7e31f elementor-widget elementor-widget-heading\" data-id=\"dc7e31f\" data-element_type=\"widget\" data-e-type=\"widget\" data-widget_type=\"heading.default\">\n\t\t\t\t\t<h3 class=\"elementor-heading-title elementor-size-default\">Informaci\u00f3n importante<\/h3>\t\t\t\t<\/div>\n\t\t\t\t<div class=\"elementor-element elementor-element-3d4e88f elementor-widget-divider--view-line elementor-widget elementor-widget-divider\" data-id=\"3d4e88f\" data-element_type=\"widget\" data-e-type=\"widget\" data-widget_type=\"divider.default\">\n\t\t\t\t\t\t\t<div class=\"elementor-divider\">\n\t\t\t<span class=\"elementor-divider-separator\">\n\t\t\t\t\t\t<\/span>\n\t\t<\/div>\n\t\t\t\t\t\t<\/div>\n\t\t\t\t\t<\/div>\n\t\t\t\t<\/div>\n\t\t<div class=\"elementor-element elementor-element-e5f266d e-flex e-con-boxed e-con e-parent\" data-id=\"e5f266d\" data-element_type=\"container\" data-e-type=\"container\">\n\t\t\t\t\t<div class=\"e-con-inner\">\n\t\t<div class=\"elementor-element elementor-element-76edc8d e-con-full e-flex e-con e-child\" data-id=\"76edc8d\" data-element_type=\"container\" data-e-type=\"container\">\n\t\t<div class=\"elementor-element elementor-element-6863fe3 e-con-full e-flex e-con e-child\" data-id=\"6863fe3\" data-element_type=\"container\" data-e-type=\"container\">\n\t\t\t\t<div class=\"elementor-element elementor-element-4d9fcb2 elementor-position-top elementor-widget elementor-widget-image-box\" data-id=\"4d9fcb2\" data-element_type=\"widget\" data-e-type=\"widget\" data-widget_type=\"image-box.default\">\n\t\t\t\t\t<div class=\"elementor-image-box-wrapper\"><figure class=\"elementor-image-box-img\"><img decoding=\"async\" width=\"216\" height=\"208\" src=\"https:\/\/www.parquedasaves.com.br\/wp-content\/uploads\/2026\/01\/icone-relogio.png\" class=\"attachment-full size-full wp-image-9003\" alt=\"\" \/><\/figure><div class=\"elementor-image-box-content\"><p class=\"elementor-image-box-description\">Abierto todos los d\u00edas,\u2028de 8:30 a 17:00<\/p><\/div><\/div>\t\t\t\t<\/div>\n\t\t\t\t<\/div>\n\t\t\t\t<\/div>\n\t\t<div data-premium-element-link=\"{&quot;type&quot;:&quot;link&quot;,&quot;link&quot;:null,&quot;href&quot;:&quot;https:\\\/\\\/www.parquedasaves.com.br\\\/planeje-sua-visita\\\/como-chegar\\\/&quot;}\" style=\"cursor: pointer\" class=\"elementor-element elementor-element-61fe55b e-con-full premium-wrapper-link-yes e-flex e-con e-child\" data-id=\"61fe55b\" data-element_type=\"container\" data-e-type=\"container\">\n\t\t<div data-premium-element-link=\"{&quot;type&quot;:&quot;url&quot;,&quot;link&quot;:{&quot;url&quot;:&quot;https:\\\/\\\/share.google\\\/bxLvSUtSEQThLFghS&quot;,&quot;is_external&quot;:&quot;on&quot;,&quot;nofollow&quot;:&quot;&quot;,&quot;custom_attributes&quot;:&quot;&quot;},&quot;href&quot;:&quot;https:\\\/\\\/share.google\\\/bxLvSUtSEQThLFghS&quot;}\" style=\"cursor: pointer\" class=\"ewpda-hover-animated elementor-element elementor-element-391b952 e-con-full ewpda-hover-bob premium-wrapper-link-yes e-flex e-con e-child\" data-id=\"391b952\" data-element_type=\"container\" data-e-type=\"container\">\n\t\t\t\t<div data-premium-element-link=\"{&quot;type&quot;:&quot;link&quot;,&quot;link&quot;:null,&quot;href&quot;:&quot;https:\\\/\\\/www.parquedasaves.com.br\\\/planeje-sua-visita\\\/como-chegar\\\/&quot;}\" style=\"cursor: pointer\" class=\"elementor-element elementor-element-0063e54 premium-wrapper-link-yes elementor-position-top elementor-widget elementor-widget-image-box\" data-id=\"0063e54\" data-element_type=\"widget\" data-e-type=\"widget\" data-widget_type=\"image-box.default\">\n\t\t\t\t\t<div class=\"elementor-image-box-wrapper\"><figure class=\"elementor-image-box-img\"><a href=\"https:\/\/share.google\/bxLvSUtSEQThLFghS\" target=\"_blank\" tabindex=\"-1\" rel=\"noopener\"><img loading=\"lazy\" decoding=\"async\" width=\"158\" height=\"218\" src=\"https:\/\/www.parquedasaves.com.br\/wp-content\/uploads\/2026\/01\/icone-mapa.png\" class=\"attachment-full size-full wp-image-9004\" alt=\"\" \/><\/a><\/figure><div class=\"elementor-image-box-content\"><p class=\"elementor-image-box-description\">D\u00f3nde estamos y c\u00f3mo llegar<\/p><\/div><\/div>\t\t\t\t<\/div>\n\t\t\t\t<\/div>\n\t\t\t\t<\/div>\n\t\t<div data-premium-element-link=\"{&quot;type&quot;:&quot;link&quot;,&quot;link&quot;:null,&quot;href&quot;:&quot;https:\\\/\\\/www.parquedasaves.com.br\\\/planeje-sua-visita\\\/valores\\\/&quot;}\" style=\"cursor: pointer\" class=\"elementor-element elementor-element-996b496 e-con-full premium-wrapper-link-yes e-flex e-con e-child\" data-id=\"996b496\" data-element_type=\"container\" data-e-type=\"container\">\n\t\t<div data-premium-element-link=\"{&quot;type&quot;:&quot;url&quot;,&quot;link&quot;:{&quot;url&quot;:&quot;https:\\\/\\\/www.parquedasaves.com.br\\\/planeje-sua-visita\\\/valores\\\/&quot;,&quot;is_external&quot;:&quot;&quot;,&quot;nofollow&quot;:&quot;&quot;,&quot;custom_attributes&quot;:&quot;&quot;},&quot;href&quot;:&quot;https:\\\/\\\/www.parquedasaves.com.br\\\/planeje-sua-visita\\\/valores\\\/&quot;}\" style=\"cursor: pointer\" class=\"ewpda-hover-animated elementor-element elementor-element-92aea5d e-con-full ewpda-hover-bob premium-wrapper-link-yes e-flex e-con e-child\" data-id=\"92aea5d\" data-element_type=\"container\" data-e-type=\"container\">\n\t\t\t\t<div data-premium-element-link=\"{&quot;type&quot;:&quot;link&quot;,&quot;link&quot;:null,&quot;href&quot;:&quot;https:\\\/\\\/www.parquedasaves.com.br\\\/planeje-sua-visita\\\/valores\\\/&quot;}\" style=\"cursor: pointer\" class=\"elementor-element elementor-element-1ec5584 premium-wrapper-link-yes elementor-position-top elementor-widget elementor-widget-image-box\" data-id=\"1ec5584\" data-element_type=\"widget\" data-e-type=\"widget\" data-widget_type=\"image-box.default\">\n\t\t\t\t\t<div class=\"elementor-image-box-wrapper\"><figure class=\"elementor-image-box-img\"><a href=\"https:\/\/www.parquedasaves.com.br\/es\/precios\/\" tabindex=\"-1\"><img loading=\"lazy\" decoding=\"async\" width=\"200\" height=\"190\" src=\"https:\/\/www.parquedasaves.com.br\/wp-content\/uploads\/2026\/01\/icone-dinheiro.png\" class=\"attachment-full size-full wp-image-9005\" alt=\"\" \/><\/a><\/figure><div class=\"elementor-image-box-content\"><p class=\"elementor-image-box-description\">Precios de las entradas<\/p><\/div><\/div>\t\t\t\t<\/div>\n\t\t\t\t<\/div>\n\t\t\t\t<\/div>\n\t\t\t\t\t<\/div>\n\t\t\t\t<\/div>\n\t\t<div class=\"elementor-element elementor-element-a54ddca e-flex e-con-boxed e-con e-parent\" data-id=\"a54ddca\" data-element_type=\"container\" data-e-type=\"container\">\n\t\t\t\t\t<div class=\"e-con-inner\">\n\t\t\t\t<div class=\"elementor-element elementor-element-760fc01 elementor-widget elementor-widget-text-editor\" data-id=\"760fc01\" data-element_type=\"widget\" data-e-type=\"widget\" data-widget_type=\"text-editor.default\">\n\t\t\t\t\t\t\t\t\t<p>M\u00e1s informaci\u00f3n:<\/p>\t\t\t\t\t\t\t\t<\/div>\n\t\t\t\t\t<\/div>\n\t\t\t\t<\/div>\n\t\t\t\t<\/div>\n\t\t","protected":false},"excerpt":{"rendered":"<p>Contacto Habla con el Parque das Aves Si necesitas informaci\u00f3n sobre la visita, entradas, experiencias o servicios, nuestro equipo est\u00e1 listo para ayudarte. Para una respuesta m\u00e1s r\u00e1pida, te recomendamos consultar primero la p\u00e1gina de Preguntas frecuentes (FAQ), donde reunimos las dudas m\u00e1s habituales de los visitantes. Si aun as\u00ed necesitas hablar con nosotros, utiliza [&hellip;]<\/p>\n","protected":false},"author":1,"featured_media":8985,"parent":0,"menu_order":0,"comment_status":"closed","ping_status":"closed","template":"","meta":{"footnotes":""},"class_list":["post-9033","page","type-page","status-publish","has-post-thumbnail","hentry"],"_links":{"self":[{"href":"https:\/\/www.parquedasaves.com.br\/es\/wp-json\/wp\/v2\/pages\/9033","targetHints":{"allow":["GET"]}}],"collection":[{"href":"https:\/\/www.parquedasaves.com.br\/es\/wp-json\/wp\/v2\/pages"}],"about":[{"href":"https:\/\/www.parquedasaves.com.br\/es\/wp-json\/wp\/v2\/types\/page"}],"author":[{"embeddable":true,"href":"https:\/\/www.parquedasaves.com.br\/es\/wp-json\/wp\/v2\/users\/1"}],"replies":[{"embeddable":true,"href":"https:\/\/www.parquedasaves.com.br\/es\/wp-json\/wp\/v2\/comments?post=9033"}],"version-history":[{"count":3,"href":"https:\/\/www.parquedasaves.com.br\/es\/wp-json\/wp\/v2\/pages\/9033\/revisions"}],"predecessor-version":[{"id":9416,"href":"https:\/\/www.parquedasaves.com.br\/es\/wp-json\/wp\/v2\/pages\/9033\/revisions\/9416"}],"wp:featuredmedia":[{"embeddable":true,"href":"https:\/\/www.parquedasaves.com.br\/es\/wp-json\/wp\/v2\/media\/8985"}],"wp:attachment":[{"href":"https:\/\/www.parquedasaves.com.br\/es\/wp-json\/wp\/v2\/media?parent=9033"}],"curies":[{"name":"wp","href":"https:\/\/api.w.org\/{rel}","templated":true}]}}